{"id":4350,"date":"2021-07-17T14:50:29","date_gmt":"2021-07-17T14:50:29","guid":{"rendered":"http:\/\/www.guantesmoran.com\/?post_type=product&#038;p=4350"},"modified":"2021-07-20T09:32:15","modified_gmt":"2021-07-20T09:32:15","slug":"guante-modelo-110-ignifugo-fo","status":"publish","type":"product","link":"https:\/\/guantesmoran.com\/fr\/product\/guante-modelo-110-ignifugo-fo\/","title":{"rendered":"GANT MOD\u00c8LE 110-IGNIFUGO\/FO"},"content":{"rendered":"<h4><strong><span id=\"u4658\">NORMATIF<\/span><\/strong><\/h4>\n<div class=\"row\">\n<div class=\"col-md-6\">\n<h4><a href=\"#en388\">EN 388:2016<\/a><\/h4>\n<p><a href=\"#en388\"><img decoding=\"async\" class=\"aligncenter wp-image-3979\" src=\"http:\/\/www.guantesmoran.com\/wp-content\/uploads\/2021\/07\/pictograma-ce-martillo-sin-fondo.png\" alt=\"\" width=\"60\" height=\"auto\" srcset=\"https:\/\/guantesmoran.com\/wp-content\/uploads\/2021\/07\/pictograma-ce-martillo-sin-fondo.png 180w, https:\/\/guantesmoran.com\/wp-content\/uploads\/2021\/07\/pictograma-ce-martillo-sin-fondo-11x12.png 11w\" sizes=\"(max-width: 180px) 100vw, 180px\" \/><\/a><br \/>\n4 1 4 3 D<\/p>\n<\/div>\n<div class=\"col-md-6\">\n<h4><a href=\"#en407\">EN 407:2020<\/a><\/h4>\n<p><a href=\"#en407\"><img decoding=\"async\" class=\"aligncenter wp-image-3990\" src=\"http:\/\/www.guantesmoran.com\/wp-content\/uploads\/2021\/07\/pictograma-ce-llama-sin-fondo.png\" alt=\"\" width=\"60\" height=\"auto\" srcset=\"https:\/\/guantesmoran.com\/wp-content\/uploads\/2021\/07\/pictograma-ce-llama-sin-fondo.png 180w, https:\/\/guantesmoran.com\/wp-content\/uploads\/2021\/07\/pictograma-ce-llama-sin-fondo-11x12.png 11w\" sizes=\"(max-width: 180px) 100vw, 180px\" \/><\/a><br \/>\n4 2 3 2 4 X<\/p>\n<\/div>\n<div class=\"col-md-6\">\n<h4><a href=\"#en12477\">EN 12477:2001+A1:2005<\/a><\/h4>\n<p><a href=\"#en12477\"><img decoding=\"async\" class=\"aligncenter wp-image-3990\" src=\"http:\/\/www.guantesmoran.com\/wp-content\/uploads\/2021\/07\/pictograma-ce-llama-sin-fondo.png\" alt=\"\" width=\"60\" height=\"auto\" srcset=\"https:\/\/guantesmoran.com\/wp-content\/uploads\/2021\/07\/pictograma-ce-llama-sin-fondo.png 180w, https:\/\/guantesmoran.com\/wp-content\/uploads\/2021\/07\/pictograma-ce-llama-sin-fondo-11x12.png 11w\" sizes=\"(max-width: 180px) 100vw, 180px\" \/><\/a><br \/>\nGANT DE PROTECTION POUR SOUDEURS Type A<\/p>\n<\/div>\n<\/div>\n<h4><strong><span id=\"u4658\">CARACT\u00c9RISTIQUES DE BASE<\/span><\/strong><\/h4>\n<ul>\n<li>Cuir fendu ignifuge extra-souple<\/li>\n<li>\u00c9paisseur approximative 1,3 \/ 1,5 mm<\/li>\n<li>Couleur marron<\/li>\n<li>Renfort, par insert en cuir, dans les coutures de la paume<\/li>\n<li>Manchette en cro\u00fbte de cuir grise<\/li>\n<li>Tissu enti\u00e8rement isolant \/ doublure non tiss\u00e9e<\/li>\n<li>Les coutures sont faites avec du fil para-aramide haute r\u00e9sistance<\/li>\n<li>Tailles : 10\/11 (Unique)<\/li>\n<li>Dext\u00e9rit\u00e9 : niveau 1<\/li>\n<\/ul>\n<h4><span id=\"u4668\">Renforts aux articulations en cuir pleine fleur<\/span><\/h4>\n<ul>\n<li>Sur demande, il peut int\u00e9grer une jambe de r\u00e9glage dans le brassard<\/li>\n<\/ul>","protected":false},"excerpt":{"rendered":"<table class=\"woocommerce-product-attributes shop_attributes\">\n<tbody>\n<tr>\n<td style=\"text-align: center;\"><img decoding=\"async\" src=\"http:\/\/www.guantesmoran.com\/wp-content\/uploads\/2017\/01\/proteccion-abrasion.jpg\" \/><\/td>\n<td style=\"text-align: center;\"><img decoding=\"async\" src=\"http:\/\/www.guantesmoran.com\/wp-content\/uploads\/2017\/01\/proteccion-corte.jpg\" \/><\/td>\n<td style=\"text-align: center;\"><img decoding=\"async\" src=\"http:\/\/www.guantesmoran.com\/wp-content\/uploads\/2017\/01\/proteccion-rasgado.jpg\" \/><\/td>\n<td style=\"text-align: center;\"><img decoding=\"async\" src=\"http:\/\/www.guantesmoran.com\/wp-content\/uploads\/2017\/01\/proteccion-perforacion.jpg\" \/><\/td>\n<td style=\"text-align: center;\"><img decoding=\"async\" src=\"http:\/\/www.guantesmoran.com\/wp-content\/uploads\/2017\/01\/proteccion-ccontacto.jpg\" \/><\/td>\n<td style=\"text-align: center;\"><img decoding=\"async\" src=\"http:\/\/www.guantesmoran.com\/wp-content\/uploads\/2017\/01\/proteccion-cconvectivo.jpg\" \/><\/td>\n<td style=\"text-align: center;\"><img decoding=\"async\" src=\"http:\/\/www.guantesmoran.com\/wp-content\/uploads\/2017\/01\/proteccion-cradiante.jpg\" \/><\/td>\n<td style=\"text-align: center;\"><img decoding=\"async\" src=\"http:\/\/www.guantesmoran.com\/wp-content\/uploads\/2017\/01\/proteccion-desteridad.jpg\" \/><\/td>\n<\/tr>\n<tr>\n<td>\n<h4 style=\"text-align: center;\">TR\u00c8S<br \/>\nHAUTE<\/h4>\n<\/td>\n<td>\n<h4 style=\"text-align: center;\">HAUTE<\/h4>\n<\/td>\n<td>\n<h4 style=\"text-align: center;\">TR\u00c8S<br \/>\nHAUTE<\/h4>\n<\/td>\n<td>\n<h4 style=\"text-align: center;\">HAUTE<\/h4>\n<\/td>\n<td>\n<h4 style=\"text-align: center;\">MOITI\u00c9<\/h4>\n<\/td>\n<td>\n<h4 style=\"text-align: center;\">HAUTE<\/h4>\n<\/td>\n<td>\n<h4 style=\"text-align: center;\">MOITI\u00c9<\/h4>\n<\/td>\n<td>\n<h4 style=\"text-align: center;\">DE BASE<\/h4>\n<\/td>\n<\/tr>\n<\/tbody>\n<\/table>\n<h4>DOCUMENTATION<\/h4>\n<p><a class=\"fichatecnica\" href=\"http:\/\/www.guantesmoran.com\/wp-content\/uploads\/2021\/07\/fi-110-ignifugo-fo-rev-02.pdf\"><img decoding=\"async\" class=\"alignnone size-full wp-image-4026\" src=\"http:\/\/www.guantesmoran.com\/wp-content\/uploads\/2021\/07\/pdf-file.png\" alt=\"\" width=\"64\" height=\"64\" srcset=\"https:\/\/guantesmoran.com\/wp-content\/uploads\/2021\/07\/pdf-file.png 64w, https:\/\/guantesmoran.com\/wp-content\/uploads\/2021\/07\/pdf-file-12x12.png 12w\" sizes=\"(max-width: 64px) 100vw, 64px\" \/><span class=\"ft1\">Fiche Technique<\/span><\/a><br \/>\n<a class=\"fichatecnica\" href=\"http:\/\/www.guantesmoran.com\/wp-content\/uploads\/2021\/07\/de-110-ignifugo-fo-rev-02.pdf\"><img decoding=\"async\" class=\"alignnone size-full wp-image-4026\" src=\"http:\/\/www.guantesmoran.com\/wp-content\/uploads\/2021\/07\/pdf-file.png\" alt=\"\" width=\"64\" height=\"64\" srcset=\"https:\/\/guantesmoran.com\/wp-content\/uploads\/2021\/07\/pdf-file.png 64w, https:\/\/guantesmoran.com\/wp-content\/uploads\/2021\/07\/pdf-file-12x12.png 12w\" sizes=\"(max-width: 64px) 100vw, 64px\" \/><span class=\"ft1\">D\u00e9claration<\/span><\/a><\/p>","protected":false},"featured_media":4440,"template":"","meta":[],"product_brand":[],"product_cat":[200],"product_tag":[],"class_list":{"0":"post-4350","1":"product","2":"type-product","3":"status-publish","4":"has-post-thumbnail","6":"product_cat-proteccion-termica-calor-llamas","8":"first","9":"instock","10":"shipping-taxable","11":"product-type-simple"},"yoast_head":"<!-- This site is optimized with the Yoast SEO plugin v27.4 - https:\/\/yoast.com\/product\/yoast-seo-wordpress\/ -->\n<title>GUANTE MODELO 110-IGNIFUGO\/FO - Guantes Moran<\/title>\n<meta name=\"robots\" content=\"index, follow, max-snippet:-1, max-image-preview:large, max-video-preview:-1\" \/>\n<link rel=\"canonical\" href=\"https:\/\/guantesmoran.com\/fr\/product\/guante-modelo-110-ignifugo-fo\/\" \/>\n<meta property=\"og:locale\" content=\"fr_FR\" \/>\n<meta property=\"og:type\" content=\"article\" \/>\n<meta property=\"og:title\" content=\"GUANTE MODELO 110-IGNIFUGO\/FO - Guantes Moran\" \/>\n<meta property=\"og:description\" content=\"MUY ALTA   ALTA   MUY ALTA   ALTA   MEDIA   ALTA   MEDIA   B\u00c1SICA     DOCUMENTACI\u00d3N Ficha T\u00e9cnica Declaraci\u00f3n\" \/>\n<meta property=\"og:url\" content=\"https:\/\/guantesmoran.com\/fr\/product\/guante-modelo-110-ignifugo-fo\/\" \/>\n<meta property=\"og:site_name\" content=\"Guantes Moran\" \/>\n<meta property=\"article:modified_time\" content=\"2021-07-20T09:32:15+00:00\" \/>\n<meta property=\"og:image\" content=\"https:\/\/guantesmoran.com\/wp-content\/uploads\/2021\/07\/110-IGNIFUGO_FO-1.jpg\" \/>\n\t<meta property=\"og:image:width\" content=\"1200\" \/>\n\t<meta property=\"og:image:height\" content=\"1030\" \/>\n\t<meta property=\"og:image:type\" content=\"image\/jpeg\" \/>\n<meta name=\"twitter:card\" content=\"summary_large_image\" \/>\n<script type=\"application\/ld+json\" class=\"yoast-schema-graph\">{\"@context\":\"https:\\\/\\\/schema.org\",\"@graph\":[{\"@type\":\"WebPage\",\"@id\":\"https:\\\/\\\/guantesmoran.com\\\/en\\\/product\\\/guante-modelo-110-ignifugo-fo\\\/\",\"url\":\"https:\\\/\\\/guantesmoran.com\\\/en\\\/product\\\/guante-modelo-110-ignifugo-fo\\\/\",\"name\":\"GUANTE MODELO 110-IGNIFUGO\\\/FO - Guantes Moran\",\"isPartOf\":{\"@id\":\"https:\\\/\\\/guantesmoran.com\\\/#website\"},\"primaryImageOfPage\":{\"@id\":\"https:\\\/\\\/guantesmoran.com\\\/en\\\/product\\\/guante-modelo-110-ignifugo-fo\\\/#primaryimage\"},\"image\":{\"@id\":\"https:\\\/\\\/guantesmoran.com\\\/en\\\/product\\\/guante-modelo-110-ignifugo-fo\\\/#primaryimage\"},\"thumbnailUrl\":\"https:\\\/\\\/guantesmoran.com\\\/wp-content\\\/uploads\\\/2021\\\/07\\\/110-IGNIFUGO_FO-1.jpg\",\"datePublished\":\"2021-07-17T14:50:29+00:00\",\"dateModified\":\"2021-07-20T09:32:15+00:00\",\"breadcrumb\":{\"@id\":\"https:\\\/\\\/guantesmoran.com\\\/en\\\/product\\\/guante-modelo-110-ignifugo-fo\\\/#breadcrumb\"},\"inLanguage\":\"fr-FR\",\"potentialAction\":[{\"@type\":\"ReadAction\",\"target\":[\"https:\\\/\\\/guantesmoran.com\\\/en\\\/product\\\/guante-modelo-110-ignifugo-fo\\\/\"]}]},{\"@type\":\"ImageObject\",\"inLanguage\":\"fr-FR\",\"@id\":\"https:\\\/\\\/guantesmoran.com\\\/en\\\/product\\\/guante-modelo-110-ignifugo-fo\\\/#primaryimage\",\"url\":\"https:\\\/\\\/guantesmoran.com\\\/wp-content\\\/uploads\\\/2021\\\/07\\\/110-IGNIFUGO_FO-1.jpg\",\"contentUrl\":\"https:\\\/\\\/guantesmoran.com\\\/wp-content\\\/uploads\\\/2021\\\/07\\\/110-IGNIFUGO_FO-1.jpg\",\"width\":1200,\"height\":1030},{\"@type\":\"BreadcrumbList\",\"@id\":\"https:\\\/\\\/guantesmoran.com\\\/en\\\/product\\\/guante-modelo-110-ignifugo-fo\\\/#breadcrumb\",\"itemListElement\":[{\"@type\":\"ListItem\",\"position\":1,\"name\":\"Portada\",\"item\":\"https:\\\/\\\/guantesmoran.com\\\/\"},{\"@type\":\"ListItem\",\"position\":2,\"name\":\"Productos\",\"item\":\"https:\\\/\\\/guantesmoran.com\\\/productos\\\/\"},{\"@type\":\"ListItem\",\"position\":3,\"name\":\"GUANTE MODELO 110-IGNIFUGO\\\/FO\"}]},{\"@type\":\"WebSite\",\"@id\":\"https:\\\/\\\/guantesmoran.com\\\/#website\",\"url\":\"https:\\\/\\\/guantesmoran.com\\\/\",\"name\":\"Guantes Moran\",\"description\":\"40 a\u00f1os protegiendo tus manos\",\"publisher\":{\"@id\":\"https:\\\/\\\/guantesmoran.com\\\/#organization\"},\"potentialAction\":[{\"@type\":\"SearchAction\",\"target\":{\"@type\":\"EntryPoint\",\"urlTemplate\":\"https:\\\/\\\/guantesmoran.com\\\/?s={search_term_string}\"},\"query-input\":{\"@type\":\"PropertyValueSpecification\",\"valueRequired\":true,\"valueName\":\"search_term_string\"}}],\"inLanguage\":\"fr-FR\"},{\"@type\":\"Organization\",\"@id\":\"https:\\\/\\\/guantesmoran.com\\\/#organization\",\"name\":\"Guantes Moran\",\"url\":\"https:\\\/\\\/guantesmoran.com\\\/\",\"logo\":{\"@type\":\"ImageObject\",\"inLanguage\":\"fr-FR\",\"@id\":\"https:\\\/\\\/guantesmoran.com\\\/#\\\/schema\\\/logo\\\/image\\\/\",\"url\":\"https:\\\/\\\/guantesmoran.com\\\/wp-content\\\/uploads\\\/2021\\\/07\\\/foto-contacto.png\",\"contentUrl\":\"https:\\\/\\\/guantesmoran.com\\\/wp-content\\\/uploads\\\/2021\\\/07\\\/foto-contacto.png\",\"width\":1920,\"height\":825,\"caption\":\"Guantes Moran\"},\"image\":{\"@id\":\"https:\\\/\\\/guantesmoran.com\\\/#\\\/schema\\\/logo\\\/image\\\/\"}}]}<\/script>\n<!-- \/ Yoast SEO plugin. -->","yoast_head_json":{"title":"GUANTE MODELO 110-IGNIFUGO\/FO - Guantes Moran","robots":{"index":"index","follow":"follow","max-snippet":"max-snippet:-1","max-image-preview":"max-image-preview:large","max-video-preview":"max-video-preview:-1"},"canonical":"https:\/\/guantesmoran.com\/fr\/product\/guante-modelo-110-ignifugo-fo\/","og_locale":"fr_FR","og_type":"article","og_title":"GUANTE MODELO 110-IGNIFUGO\/FO - Guantes Moran","og_description":"MUY ALTA   ALTA   MUY ALTA   ALTA   MEDIA   ALTA   MEDIA   B\u00c1SICA     DOCUMENTACI\u00d3N Ficha T\u00e9cnica Declaraci\u00f3n","og_url":"https:\/\/guantesmoran.com\/fr\/product\/guante-modelo-110-ignifugo-fo\/","og_site_name":"Guantes Moran","article_modified_time":"2021-07-20T09:32:15+00:00","og_image":[{"width":1200,"height":1030,"url":"https:\/\/guantesmoran.com\/wp-content\/uploads\/2021\/07\/110-IGNIFUGO_FO-1.jpg","type":"image\/jpeg"}],"twitter_card":"summary_large_image","schema":{"@context":"https:\/\/schema.org","@graph":[{"@type":"WebPage","@id":"https:\/\/guantesmoran.com\/en\/product\/guante-modelo-110-ignifugo-fo\/","url":"https:\/\/guantesmoran.com\/en\/product\/guante-modelo-110-ignifugo-fo\/","name":"GUANTE MODELO 110-IGNIFUGO\/FO - Guantes Moran","isPartOf":{"@id":"https:\/\/guantesmoran.com\/#website"},"primaryImageOfPage":{"@id":"https:\/\/guantesmoran.com\/en\/product\/guante-modelo-110-ignifugo-fo\/#primaryimage"},"image":{"@id":"https:\/\/guantesmoran.com\/en\/product\/guante-modelo-110-ignifugo-fo\/#primaryimage"},"thumbnailUrl":"https:\/\/guantesmoran.com\/wp-content\/uploads\/2021\/07\/110-IGNIFUGO_FO-1.jpg","datePublished":"2021-07-17T14:50:29+00:00","dateModified":"2021-07-20T09:32:15+00:00","breadcrumb":{"@id":"https:\/\/guantesmoran.com\/en\/product\/guante-modelo-110-ignifugo-fo\/#breadcrumb"},"inLanguage":"fr-FR","potentialAction":[{"@type":"ReadAction","target":["https:\/\/guantesmoran.com\/en\/product\/guante-modelo-110-ignifugo-fo\/"]}]},{"@type":"ImageObject","inLanguage":"fr-FR","@id":"https:\/\/guantesmoran.com\/en\/product\/guante-modelo-110-ignifugo-fo\/#primaryimage","url":"https:\/\/guantesmoran.com\/wp-content\/uploads\/2021\/07\/110-IGNIFUGO_FO-1.jpg","contentUrl":"https:\/\/guantesmoran.com\/wp-content\/uploads\/2021\/07\/110-IGNIFUGO_FO-1.jpg","width":1200,"height":1030},{"@type":"BreadcrumbList","@id":"https:\/\/guantesmoran.com\/en\/product\/guante-modelo-110-ignifugo-fo\/#breadcrumb","itemListElement":[{"@type":"ListItem","position":1,"name":"Portada","item":"https:\/\/guantesmoran.com\/"},{"@type":"ListItem","position":2,"name":"Productos","item":"https:\/\/guantesmoran.com\/productos\/"},{"@type":"ListItem","position":3,"name":"GUANTE MODELO 110-IGNIFUGO\/FO"}]},{"@type":"WebSite","@id":"https:\/\/guantesmoran.com\/#website","url":"https:\/\/guantesmoran.com\/","name":"Guantes Moran","description":"40 ans pour prot\u00e9ger vos mains","publisher":{"@id":"https:\/\/guantesmoran.com\/#organization"},"potentialAction":[{"@type":"SearchAction","target":{"@type":"EntryPoint","urlTemplate":"https:\/\/guantesmoran.com\/?s={search_term_string}"},"query-input":{"@type":"PropertyValueSpecification","valueRequired":true,"valueName":"search_term_string"}}],"inLanguage":"fr-FR"},{"@type":"Organization","@id":"https:\/\/guantesmoran.com\/#organization","name":"Guantes Moran","url":"https:\/\/guantesmoran.com\/","logo":{"@type":"ImageObject","inLanguage":"fr-FR","@id":"https:\/\/guantesmoran.com\/#\/schema\/logo\/image\/","url":"https:\/\/guantesmoran.com\/wp-content\/uploads\/2021\/07\/foto-contacto.png","contentUrl":"https:\/\/guantesmoran.com\/wp-content\/uploads\/2021\/07\/foto-contacto.png","width":1920,"height":825,"caption":"Guantes Moran"},"image":{"@id":"https:\/\/guantesmoran.com\/#\/schema\/logo\/image\/"}}]}},"_links":{"self":[{"href":"https:\/\/guantesmoran.com\/fr\/wp-json\/wp\/v2\/product\/4350","targetHints":{"allow":["GET"]}}],"collection":[{"href":"https:\/\/guantesmoran.com\/fr\/wp-json\/wp\/v2\/product"}],"about":[{"href":"https:\/\/guantesmoran.com\/fr\/wp-json\/wp\/v2\/types\/product"}],"wp:featuredmedia":[{"embeddable":true,"href":"https:\/\/guantesmoran.com\/fr\/wp-json\/wp\/v2\/media\/4440"}],"wp:attachment":[{"href":"https:\/\/guantesmoran.com\/fr\/wp-json\/wp\/v2\/media?parent=4350"}],"wp:term":[{"taxonomy":"product_brand","embeddable":true,"href":"https:\/\/guantesmoran.com\/fr\/wp-json\/wp\/v2\/product_brand?post=4350"},{"taxonomy":"product_cat","embeddable":true,"href":"https:\/\/guantesmoran.com\/fr\/wp-json\/wp\/v2\/product_cat?post=4350"},{"taxonomy":"product_tag","embeddable":true,"href":"https:\/\/guantesmoran.com\/fr\/wp-json\/wp\/v2\/product_tag?post=4350"}],"curies":[{"name":"wp","href":"https:\/\/api.w.org\/{rel}","templated":true}]}}