{"id":4472,"date":"2021-07-22T09:43:35","date_gmt":"2021-07-22T09:43:35","guid":{"rendered":"http:\/\/www.guantesmoran.com\/?page_id=4472"},"modified":"2023-11-13T10:57:22","modified_gmt":"2023-11-13T10:57:22","slug":"normativa","status":"publish","type":"page","link":"https:\/\/guantesmoran.com\/fr\/normativa\/","title":{"rendered":"Normatif"},"content":{"rendered":"<div data-elementor-type=\"wp-page\" data-elementor-id=\"4472\" class=\"elementor elementor-4472\" data-elementor-post-type=\"page\">\n\t\t\t\t\t\t<section class=\"elementor-section elementor-top-section elementor-element elementor-element-c753de1 elementor-section-boxed elementor-section-height-default elementor-section-height-default\" data-id=\"c753de1\" data-element_type=\"section\" data-e-type=\"section\">\n\t\t\t\t\t\t<div class=\"elementor-container elementor-column-gap-default\">\n\t\t\t\t\t<div class=\"elementor-column elementor-col-33 elementor-top-column elementor-element elementor-element-f1dc94b\" data-id=\"f1dc94b\" data-element_type=\"column\" data-e-type=\"column\">\n\t\t\t<div class=\"elementor-widget-wrap elementor-element-populated\">\n\t\t\t\t\t\t<div class=\"elementor-element elementor-element-f827419 elementor-position-top elementor-widget elementor-widget-image-box\" data-id=\"f827419\" data-element_type=\"widget\" data-e-type=\"widget\" data-widget_type=\"image-box.default\">\n\t\t\t\t<div class=\"elementor-widget-container\">\n\t\t\t\t\t<div class=\"elementor-image-box-wrapper\"><figure class=\"elementor-image-box-img\"><a href=\"#elementor-action%3Aaction%3Dpopup%3Aopen%26settings%3DeyJpZCI6IjQ0NTgiLCJ0b2dnbGUiOmZhbHNlfQ%3D%3D\" tabindex=\"-1\"><img decoding=\"async\" width=\"180\" height=\"124\" src=\"https:\/\/guantesmoran.com\/wp-content\/uploads\/2021\/07\/pictograma-ce.png\" class=\"attachment-full size-full wp-image-4465\" alt=\"\" srcset=\"https:\/\/guantesmoran.com\/wp-content\/uploads\/2021\/07\/pictograma-ce.png 180w, https:\/\/guantesmoran.com\/wp-content\/uploads\/2021\/07\/pictograma-ce-16x12.png 16w\" sizes=\"(max-width: 180px) 100vw, 180px\" \/><\/a><\/figure><div class=\"elementor-image-box-content\"><h3 class=\"elementor-image-box-title\"><a href=\"#elementor-action%3Aaction%3Dpopup%3Aopen%26settings%3DeyJpZCI6IjQ0NTgiLCJ0b2dnbGUiOmZhbHNlfQ%3D%3D\">EN ISO 21420:2020<\/a><\/h3><p class=\"elementor-image-box-description\">Gants de protection - Exigences g\u00e9n\u00e9rales et m\u00e9thodes d'essai<\/p><\/div><\/div>\t\t\t\t<\/div>\n\t\t\t\t<\/div>\n\t\t\t\t\t<\/div>\n\t\t<\/div>\n\t\t\t\t<div class=\"elementor-column elementor-col-33 elementor-top-column elementor-element elementor-element-a156b92\" data-id=\"a156b92\" data-element_type=\"column\" data-e-type=\"column\">\n\t\t\t<div class=\"elementor-widget-wrap elementor-element-populated\">\n\t\t\t\t\t\t<div class=\"elementor-element elementor-element-f3e9154 elementor-position-top elementor-widget elementor-widget-image-box\" data-id=\"f3e9154\" data-element_type=\"widget\" data-e-type=\"widget\" data-widget_type=\"image-box.default\">\n\t\t\t\t<div class=\"elementor-widget-container\">\n\t\t\t\t\t<div class=\"elementor-image-box-wrapper\"><figure class=\"elementor-image-box-img\"><a href=\"#elementor-action%3Aaction%3Dpopup%3Aopen%26settings%3DeyJpZCI6IjM5NzMiLCJ0b2dnbGUiOmZhbHNlfQ%3D%3D\" tabindex=\"-1\"><img decoding=\"async\" width=\"180\" height=\"205\" src=\"https:\/\/guantesmoran.com\/wp-content\/uploads\/2021\/07\/pictograma-ce-martillo-sin-fondo.png\" class=\"attachment-full size-full wp-image-3979\" alt=\"\" srcset=\"https:\/\/guantesmoran.com\/wp-content\/uploads\/2021\/07\/pictograma-ce-martillo-sin-fondo.png 180w, https:\/\/guantesmoran.com\/wp-content\/uploads\/2021\/07\/pictograma-ce-martillo-sin-fondo-11x12.png 11w\" sizes=\"(max-width: 180px) 100vw, 180px\" \/><\/a><\/figure><div class=\"elementor-image-box-content\"><h3 class=\"elementor-image-box-title\"><a href=\"#elementor-action%3Aaction%3Dpopup%3Aopen%26settings%3DeyJpZCI6IjM5NzMiLCJ0b2dnbGUiOmZhbHNlfQ%3D%3D\">EN 388:2016+A1:2018<\/a><\/h3><p class=\"elementor-image-box-description\">Gants de protection contre les risques m\u00e9caniques<\/p><\/div><\/div>\t\t\t\t<\/div>\n\t\t\t\t<\/div>\n\t\t\t\t\t<\/div>\n\t\t<\/div>\n\t\t\t\t<div class=\"elementor-column elementor-col-33 elementor-top-column elementor-element elementor-element-7b57b65\" data-id=\"7b57b65\" data-element_type=\"column\" data-e-type=\"column\">\n\t\t\t<div class=\"elementor-widget-wrap elementor-element-populated\">\n\t\t\t\t\t\t<div class=\"elementor-element elementor-element-a1aadc8 elementor-position-top elementor-widget elementor-widget-image-box\" data-id=\"a1aadc8\" data-element_type=\"widget\" data-e-type=\"widget\" data-widget_type=\"image-box.default\">\n\t\t\t\t<div class=\"elementor-widget-container\">\n\t\t\t\t\t<div class=\"elementor-image-box-wrapper\"><figure class=\"elementor-image-box-img\"><a href=\"#elementor-action%3Aaction%3Dpopup%3Aopen%26settings%3DeyJpZCI6IjM5ODciLCJ0b2dnbGUiOmZhbHNlfQ%3D%3D\" tabindex=\"-1\"><img decoding=\"async\" width=\"180\" height=\"205\" src=\"https:\/\/guantesmoran.com\/wp-content\/uploads\/2021\/07\/pictograma-ce-llama-sin-fondo.png\" class=\"attachment-full size-full wp-image-3990\" alt=\"\" srcset=\"https:\/\/guantesmoran.com\/wp-content\/uploads\/2021\/07\/pictograma-ce-llama-sin-fondo.png 180w, https:\/\/guantesmoran.com\/wp-content\/uploads\/2021\/07\/pictograma-ce-llama-sin-fondo-11x12.png 11w\" sizes=\"(max-width: 180px) 100vw, 180px\" \/><\/a><\/figure><div class=\"elementor-image-box-content\"><h3 class=\"elementor-image-box-title\"><a href=\"#elementor-action%3Aaction%3Dpopup%3Aopen%26settings%3DeyJpZCI6IjM5ODciLCJ0b2dnbGUiOmZhbHNlfQ%3D%3D\">EN 407:2020<\/a><\/h3><p class=\"elementor-image-box-description\">Gants et autres \u00e9quipements de protection des mains contre les risques thermiques (chaleur et\/ou incendie)<\/p><\/div><\/div>\t\t\t\t<\/div>\n\t\t\t\t<\/div>\n\t\t\t\t\t<\/div>\n\t\t<\/div>\n\t\t\t\t\t<\/div>\n\t\t<\/section>\n\t\t\t\t<section class=\"elementor-section elementor-top-section elementor-element elementor-element-59b33b9 elementor-section-boxed elementor-section-height-default elementor-section-height-default\" data-id=\"59b33b9\" data-element_type=\"section\" data-e-type=\"section\">\n\t\t\t\t\t\t<div class=\"elementor-container elementor-column-gap-default\">\n\t\t\t\t\t<div class=\"elementor-column elementor-col-33 elementor-top-column elementor-element elementor-element-a2be1c2\" data-id=\"a2be1c2\" data-element_type=\"column\" data-e-type=\"column\">\n\t\t\t<div class=\"elementor-widget-wrap elementor-element-populated\">\n\t\t\t\t\t\t<div class=\"elementor-element elementor-element-d55259e elementor-position-top elementor-widget elementor-widget-image-box\" data-id=\"d55259e\" data-element_type=\"widget\" data-e-type=\"widget\" data-widget_type=\"image-box.default\">\n\t\t\t\t<div class=\"elementor-widget-container\">\n\t\t\t\t\t<div class=\"elementor-image-box-wrapper\"><figure class=\"elementor-image-box-img\"><a href=\"#elementor-action%3Aaction%3Dpopup%3Aopen%26settings%3DeyJpZCI6IjQxMTgiLCJ0b2dnbGUiOmZhbHNlfQ%3D%3D\" tabindex=\"-1\"><img loading=\"lazy\" decoding=\"async\" width=\"180\" height=\"205\" src=\"https:\/\/guantesmoran.com\/wp-content\/uploads\/2021\/07\/pictograma-ce-moto-sierra-sin-fondo.png\" class=\"attachment-full size-full wp-image-4115\" alt=\"\" srcset=\"https:\/\/guantesmoran.com\/wp-content\/uploads\/2021\/07\/pictograma-ce-moto-sierra-sin-fondo.png 180w, https:\/\/guantesmoran.com\/wp-content\/uploads\/2021\/07\/pictograma-ce-moto-sierra-sin-fondo-11x12.png 11w\" sizes=\"(max-width: 180px) 100vw, 180px\" \/><\/a><\/figure><div class=\"elementor-image-box-content\"><h3 class=\"elementor-image-box-title\"><a href=\"#elementor-action%3Aaction%3Dpopup%3Aopen%26settings%3DeyJpZCI6IjQxMTgiLCJ0b2dnbGUiOmZhbHNlfQ%3D%3D\">EN ISO 11393-4:2019<\/a><\/h3><p class=\"elementor-image-box-description\">Exigences et m\u00e9thode d'essai pour les gants de protection pour les utilisateurs de scies \u00e0 cha\u00eene manuelles<\/p><\/div><\/div>\t\t\t\t<\/div>\n\t\t\t\t<\/div>\n\t\t\t\t\t<\/div>\n\t\t<\/div>\n\t\t\t\t<div class=\"elementor-column elementor-col-33 elementor-top-column elementor-element elementor-element-1b44a5c\" data-id=\"1b44a5c\" data-element_type=\"column\" data-e-type=\"column\">\n\t\t\t<div class=\"elementor-widget-wrap elementor-element-populated\">\n\t\t\t\t\t\t<div class=\"elementor-element elementor-element-1caa266 elementor-position-top elementor-widget elementor-widget-image-box\" data-id=\"1caa266\" data-element_type=\"widget\" data-e-type=\"widget\" data-widget_type=\"image-box.default\">\n\t\t\t\t<div class=\"elementor-widget-container\">\n\t\t\t\t\t<div class=\"elementor-image-box-wrapper\"><figure class=\"elementor-image-box-img\"><a href=\"#elementor-action%3Aaction%3Dpopup%3Aopen%26settings%3DeyJpZCI6IjQyODQiLCJ0b2dnbGUiOmZhbHNlfQ%3D%3D\" tabindex=\"-1\"><img loading=\"lazy\" decoding=\"async\" width=\"274\" height=\"312\" src=\"https:\/\/guantesmoran.com\/wp-content\/uploads\/2021\/07\/en-511.png\" class=\"attachment-full size-full wp-image-4285\" alt=\"\" srcset=\"https:\/\/guantesmoran.com\/wp-content\/uploads\/2021\/07\/en-511.png 274w, https:\/\/guantesmoran.com\/wp-content\/uploads\/2021\/07\/en-511-263x300.png 263w, https:\/\/guantesmoran.com\/wp-content\/uploads\/2021\/07\/en-511-11x12.png 11w\" sizes=\"(max-width: 274px) 100vw, 274px\" \/><\/a><\/figure><div class=\"elementor-image-box-content\"><h3 class=\"elementor-image-box-title\"><a href=\"#elementor-action%3Aaction%3Dpopup%3Aopen%26settings%3DeyJpZCI6IjQyODQiLCJ0b2dnbGUiOmZhbHNlfQ%3D%3D\">EN 511:2006<\/a><\/h3><p class=\"elementor-image-box-description\">Gants de protection contre le froid<\/p><\/div><\/div>\t\t\t\t<\/div>\n\t\t\t\t<\/div>\n\t\t\t\t\t<\/div>\n\t\t<\/div>\n\t\t\t\t<div class=\"elementor-column elementor-col-33 elementor-top-column elementor-element elementor-element-ac95202\" data-id=\"ac95202\" data-element_type=\"column\" data-e-type=\"column\">\n\t\t\t<div class=\"elementor-widget-wrap elementor-element-populated\">\n\t\t\t\t\t\t<div class=\"elementor-element elementor-element-65487b4 elementor-position-top elementor-widget elementor-widget-image-box\" data-id=\"65487b4\" data-element_type=\"widget\" data-e-type=\"widget\" data-widget_type=\"image-box.default\">\n\t\t\t\t<div class=\"elementor-widget-container\">\n\t\t\t\t\t<div class=\"elementor-image-box-wrapper\"><figure class=\"elementor-image-box-img\"><a href=\"#elementor-action%3Aaction%3Dpopup%3Aopen%26settings%3DeyJpZCI6IjQxMzEiLCJ0b2dnbGUiOmZhbHNlfQ%3D%3D\" tabindex=\"-1\"><img loading=\"lazy\" decoding=\"async\" width=\"208\" height=\"209\" src=\"https:\/\/guantesmoran.com\/wp-content\/uploads\/2021\/07\/en-659-cuadro-marcado.jpg\" class=\"attachment-full size-full wp-image-4138\" alt=\"\" srcset=\"https:\/\/guantesmoran.com\/wp-content\/uploads\/2021\/07\/en-659-cuadro-marcado.jpg 208w, https:\/\/guantesmoran.com\/wp-content\/uploads\/2021\/07\/en-659-cuadro-marcado-150x150.jpg 150w, https:\/\/guantesmoran.com\/wp-content\/uploads\/2021\/07\/en-659-cuadro-marcado-12x12.jpg 12w, https:\/\/guantesmoran.com\/wp-content\/uploads\/2021\/07\/en-659-cuadro-marcado-100x100.jpg 100w\" sizes=\"(max-width: 208px) 100vw, 208px\" \/><\/a><\/figure><div class=\"elementor-image-box-content\"><h3 class=\"elementor-image-box-title\"><a href=\"#elementor-action%3Aaction%3Dpopup%3Aopen%26settings%3DeyJpZCI6IjQxMzEiLCJ0b2dnbGUiOmZhbHNlfQ%3D%3D\">EN 659:2003+A1:2008<\/a><\/h3><p class=\"elementor-image-box-description\">Gants de protection pour les pompiers<\/p><\/div><\/div>\t\t\t\t<\/div>\n\t\t\t\t<\/div>\n\t\t\t\t\t<\/div>\n\t\t<\/div>\n\t\t\t\t\t<\/div>\n\t\t<\/section>\n\t\t\t\t<section class=\"elementor-section elementor-top-section elementor-element elementor-element-ddca4f9 elementor-section-boxed elementor-section-height-default elementor-section-height-default\" data-id=\"ddca4f9\" data-element_type=\"section\" data-e-type=\"section\">\n\t\t\t\t\t\t<div class=\"elementor-container elementor-column-gap-default\">\n\t\t\t\t\t<div class=\"elementor-column elementor-col-33 elementor-top-column elementor-element elementor-element-c4f7762\" data-id=\"c4f7762\" data-element_type=\"column\" data-e-type=\"column\">\n\t\t\t<div class=\"elementor-widget-wrap\">\n\t\t\t\t\t\t\t<\/div>\n\t\t<\/div>\n\t\t\t\t<div class=\"elementor-column elementor-col-33 elementor-top-column elementor-element elementor-element-7794e48\" data-id=\"7794e48\" data-element_type=\"column\" data-e-type=\"column\">\n\t\t\t<div class=\"elementor-widget-wrap elementor-element-populated\">\n\t\t\t\t\t\t<div class=\"elementor-element elementor-element-5528f92 elementor-position-top elementor-widget elementor-widget-image-box\" data-id=\"5528f92\" data-element_type=\"widget\" data-e-type=\"widget\" data-widget_type=\"image-box.default\">\n\t\t\t\t<div class=\"elementor-widget-container\">\n\t\t\t\t\t<div class=\"elementor-image-box-wrapper\"><figure class=\"elementor-image-box-img\"><a href=\"#elementor-action%3Aaction%3Dpopup%3Aopen%26settings%3DeyJpZCI6IjQyOTQiLCJ0b2dnbGUiOmZhbHNlfQ%3D%3D\" tabindex=\"-1\"><img decoding=\"async\" width=\"180\" height=\"205\" src=\"https:\/\/guantesmoran.com\/wp-content\/uploads\/2021\/07\/pictograma-ce-llama-sin-fondo.png\" class=\"attachment-full size-full wp-image-3990\" alt=\"\" srcset=\"https:\/\/guantesmoran.com\/wp-content\/uploads\/2021\/07\/pictograma-ce-llama-sin-fondo.png 180w, https:\/\/guantesmoran.com\/wp-content\/uploads\/2021\/07\/pictograma-ce-llama-sin-fondo-11x12.png 11w\" sizes=\"(max-width: 180px) 100vw, 180px\" \/><\/a><\/figure><div class=\"elementor-image-box-content\"><h3 class=\"elementor-image-box-title\"><a href=\"#elementor-action%3Aaction%3Dpopup%3Aopen%26settings%3DeyJpZCI6IjQyOTQiLCJ0b2dnbGUiOmZhbHNlfQ%3D%3D\">EN 12477:2001+A1:2005<\/a><\/h3><p class=\"elementor-image-box-description\">Gants de protection pour soudeurs<\/p><\/div><\/div>\t\t\t\t<\/div>\n\t\t\t\t<\/div>\n\t\t\t\t\t<\/div>\n\t\t<\/div>\n\t\t\t\t<div class=\"elementor-column elementor-col-33 elementor-top-column elementor-element elementor-element-a634783\" data-id=\"a634783\" data-element_type=\"column\" data-e-type=\"column\">\n\t\t\t<div class=\"elementor-widget-wrap\">\n\t\t\t\t\t\t\t<\/div>\n\t\t<\/div>\n\t\t\t\t\t<\/div>\n\t\t<\/section>\n\t\t\t\t<\/div>","protected":false},"excerpt":{"rendered":"<p>EN ISO 21420:2020 Guantes de Protecci\u00f3n &#8211; Requisitos Generales y M\u00e9todos de Ensayo EN 388:2016+A1:2018 Guantes de Protecci\u00f3n Contra Riesgos Mec\u00e1nicos EN 407:2020 Guantes y otros Equipos de Protecci\u00f3n de la Manos Contra Riesgo T\u00e9rmico (Calor y\/o Fuego) EN ISO 11393-4:2019 Requisitos y M\u00e9todo de Ensayo para Guantes Protectores para Usuarios de Sierras de Cadena [&hellip;]<\/p>\n","protected":false},"author":1,"featured_media":0,"parent":0,"menu_order":0,"comment_status":"closed","ping_status":"closed","template":"elementor_header_footer","meta":{"footnotes":""},"class_list":["post-4472","page","type-page","status-publish","hentry"],"yoast_head":"<!-- This site is optimized with the Yoast SEO plugin v27.4 - https:\/\/yoast.com\/product\/yoast-seo-wordpress\/ -->\n<title>Normativa - Guantes Moran<\/title>\n<meta name=\"robots\" content=\"index, follow, max-snippet:-1, max-image-preview:large, max-video-preview:-1\" \/>\n<link rel=\"canonical\" href=\"https:\/\/guantesmoran.com\/fr\/normativa\/\" \/>\n<meta property=\"og:locale\" content=\"fr_FR\" \/>\n<meta property=\"og:type\" content=\"article\" \/>\n<meta property=\"og:title\" content=\"Normativa - Guantes Moran\" \/>\n<meta property=\"og:description\" content=\"EN ISO 21420:2020 Guantes de Protecci\u00f3n &#8211; Requisitos Generales y M\u00e9todos de Ensayo EN 388:2016+A1:2018 Guantes de Protecci\u00f3n Contra Riesgos Mec\u00e1nicos EN 407:2020 Guantes y otros Equipos de Protecci\u00f3n de la Manos Contra Riesgo T\u00e9rmico (Calor y\/o Fuego) EN ISO 11393-4:2019 Requisitos y M\u00e9todo de Ensayo para Guantes Protectores para Usuarios de Sierras de Cadena [&hellip;]\" \/>\n<meta property=\"og:url\" content=\"https:\/\/guantesmoran.com\/fr\/normativa\/\" \/>\n<meta property=\"og:site_name\" content=\"Guantes Moran\" \/>\n<meta property=\"article:modified_time\" content=\"2023-11-13T10:57:22+00:00\" \/>\n<meta property=\"og:image\" content=\"http:\/\/www.guantesmoran.com\/wp-content\/uploads\/2021\/07\/pictograma-ce.png\" \/>\n<meta name=\"twitter:card\" content=\"summary_large_image\" \/>\n<script type=\"application\/ld+json\" class=\"yoast-schema-graph\">{\"@context\":\"https:\\\/\\\/schema.org\",\"@graph\":[{\"@type\":\"WebPage\",\"@id\":\"https:\\\/\\\/guantesmoran.com\\\/normativa\\\/\",\"url\":\"https:\\\/\\\/guantesmoran.com\\\/normativa\\\/\",\"name\":\"Normativa - Guantes Moran\",\"isPartOf\":{\"@id\":\"https:\\\/\\\/guantesmoran.com\\\/#website\"},\"primaryImageOfPage\":{\"@id\":\"https:\\\/\\\/guantesmoran.com\\\/normativa\\\/#primaryimage\"},\"image\":{\"@id\":\"https:\\\/\\\/guantesmoran.com\\\/normativa\\\/#primaryimage\"},\"thumbnailUrl\":\"http:\\\/\\\/www.guantesmoran.com\\\/wp-content\\\/uploads\\\/2021\\\/07\\\/pictograma-ce.png\",\"datePublished\":\"2021-07-22T09:43:35+00:00\",\"dateModified\":\"2023-11-13T10:57:22+00:00\",\"breadcrumb\":{\"@id\":\"https:\\\/\\\/guantesmoran.com\\\/normativa\\\/#breadcrumb\"},\"inLanguage\":\"fr-FR\",\"potentialAction\":[{\"@type\":\"ReadAction\",\"target\":[\"https:\\\/\\\/guantesmoran.com\\\/normativa\\\/\"]}]},{\"@type\":\"ImageObject\",\"inLanguage\":\"fr-FR\",\"@id\":\"https:\\\/\\\/guantesmoran.com\\\/normativa\\\/#primaryimage\",\"url\":\"http:\\\/\\\/www.guantesmoran.com\\\/wp-content\\\/uploads\\\/2021\\\/07\\\/pictograma-ce.png\",\"contentUrl\":\"http:\\\/\\\/www.guantesmoran.com\\\/wp-content\\\/uploads\\\/2021\\\/07\\\/pictograma-ce.png\"},{\"@type\":\"BreadcrumbList\",\"@id\":\"https:\\\/\\\/guantesmoran.com\\\/normativa\\\/#breadcrumb\",\"itemListElement\":[{\"@type\":\"ListItem\",\"position\":1,\"name\":\"Portada\",\"item\":\"https:\\\/\\\/guantesmoran.com\\\/\"},{\"@type\":\"ListItem\",\"position\":2,\"name\":\"Normativa\"}]},{\"@type\":\"WebSite\",\"@id\":\"https:\\\/\\\/guantesmoran.com\\\/#website\",\"url\":\"https:\\\/\\\/guantesmoran.com\\\/\",\"name\":\"Guantes Moran\",\"description\":\"40 a\u00f1os protegiendo tus manos\",\"publisher\":{\"@id\":\"https:\\\/\\\/guantesmoran.com\\\/#organization\"},\"potentialAction\":[{\"@type\":\"SearchAction\",\"target\":{\"@type\":\"EntryPoint\",\"urlTemplate\":\"https:\\\/\\\/guantesmoran.com\\\/?s={search_term_string}\"},\"query-input\":{\"@type\":\"PropertyValueSpecification\",\"valueRequired\":true,\"valueName\":\"search_term_string\"}}],\"inLanguage\":\"fr-FR\"},{\"@type\":\"Organization\",\"@id\":\"https:\\\/\\\/guantesmoran.com\\\/#organization\",\"name\":\"Guantes Moran\",\"url\":\"https:\\\/\\\/guantesmoran.com\\\/\",\"logo\":{\"@type\":\"ImageObject\",\"inLanguage\":\"fr-FR\",\"@id\":\"https:\\\/\\\/guantesmoran.com\\\/#\\\/schema\\\/logo\\\/image\\\/\",\"url\":\"https:\\\/\\\/guantesmoran.com\\\/wp-content\\\/uploads\\\/2021\\\/07\\\/foto-contacto.png\",\"contentUrl\":\"https:\\\/\\\/guantesmoran.com\\\/wp-content\\\/uploads\\\/2021\\\/07\\\/foto-contacto.png\",\"width\":1920,\"height\":825,\"caption\":\"Guantes Moran\"},\"image\":{\"@id\":\"https:\\\/\\\/guantesmoran.com\\\/#\\\/schema\\\/logo\\\/image\\\/\"}}]}<\/script>\n<!-- \/ Yoast SEO plugin. -->","yoast_head_json":{"title":"Normativa - Guantes Moran","robots":{"index":"index","follow":"follow","max-snippet":"max-snippet:-1","max-image-preview":"max-image-preview:large","max-video-preview":"max-video-preview:-1"},"canonical":"https:\/\/guantesmoran.com\/fr\/normativa\/","og_locale":"fr_FR","og_type":"article","og_title":"Normativa - Guantes Moran","og_description":"EN ISO 21420:2020 Guantes de Protecci\u00f3n &#8211; Requisitos Generales y M\u00e9todos de Ensayo EN 388:2016+A1:2018 Guantes de Protecci\u00f3n Contra Riesgos Mec\u00e1nicos EN 407:2020 Guantes y otros Equipos de Protecci\u00f3n de la Manos Contra Riesgo T\u00e9rmico (Calor y\/o Fuego) EN ISO 11393-4:2019 Requisitos y M\u00e9todo de Ensayo para Guantes Protectores para Usuarios de Sierras de Cadena [&hellip;]","og_url":"https:\/\/guantesmoran.com\/fr\/normativa\/","og_site_name":"Guantes Moran","article_modified_time":"2023-11-13T10:57:22+00:00","og_image":[{"url":"http:\/\/www.guantesmoran.com\/wp-content\/uploads\/2021\/07\/pictograma-ce.png","type":"","width":"","height":""}],"twitter_card":"summary_large_image","schema":{"@context":"https:\/\/schema.org","@graph":[{"@type":"WebPage","@id":"https:\/\/guantesmoran.com\/normativa\/","url":"https:\/\/guantesmoran.com\/normativa\/","name":"Normativa - Guantes Moran","isPartOf":{"@id":"https:\/\/guantesmoran.com\/#website"},"primaryImageOfPage":{"@id":"https:\/\/guantesmoran.com\/normativa\/#primaryimage"},"image":{"@id":"https:\/\/guantesmoran.com\/normativa\/#primaryimage"},"thumbnailUrl":"http:\/\/www.guantesmoran.com\/wp-content\/uploads\/2021\/07\/pictograma-ce.png","datePublished":"2021-07-22T09:43:35+00:00","dateModified":"2023-11-13T10:57:22+00:00","breadcrumb":{"@id":"https:\/\/guantesmoran.com\/normativa\/#breadcrumb"},"inLanguage":"fr-FR","potentialAction":[{"@type":"ReadAction","target":["https:\/\/guantesmoran.com\/normativa\/"]}]},{"@type":"ImageObject","inLanguage":"fr-FR","@id":"https:\/\/guantesmoran.com\/normativa\/#primaryimage","url":"http:\/\/www.guantesmoran.com\/wp-content\/uploads\/2021\/07\/pictograma-ce.png","contentUrl":"http:\/\/www.guantesmoran.com\/wp-content\/uploads\/2021\/07\/pictograma-ce.png"},{"@type":"BreadcrumbList","@id":"https:\/\/guantesmoran.com\/normativa\/#breadcrumb","itemListElement":[{"@type":"ListItem","position":1,"name":"Portada","item":"https:\/\/guantesmoran.com\/"},{"@type":"ListItem","position":2,"name":"Normativa"}]},{"@type":"WebSite","@id":"https:\/\/guantesmoran.com\/#website","url":"https:\/\/guantesmoran.com\/","name":"Guantes Moran","description":"40 ans pour prot\u00e9ger vos mains","publisher":{"@id":"https:\/\/guantesmoran.com\/#organization"},"potentialAction":[{"@type":"SearchAction","target":{"@type":"EntryPoint","urlTemplate":"https:\/\/guantesmoran.com\/?s={search_term_string}"},"query-input":{"@type":"PropertyValueSpecification","valueRequired":true,"valueName":"search_term_string"}}],"inLanguage":"fr-FR"},{"@type":"Organization","@id":"https:\/\/guantesmoran.com\/#organization","name":"Guantes Moran","url":"https:\/\/guantesmoran.com\/","logo":{"@type":"ImageObject","inLanguage":"fr-FR","@id":"https:\/\/guantesmoran.com\/#\/schema\/logo\/image\/","url":"https:\/\/guantesmoran.com\/wp-content\/uploads\/2021\/07\/foto-contacto.png","contentUrl":"https:\/\/guantesmoran.com\/wp-content\/uploads\/2021\/07\/foto-contacto.png","width":1920,"height":825,"caption":"Guantes Moran"},"image":{"@id":"https:\/\/guantesmoran.com\/#\/schema\/logo\/image\/"}}]}},"_links":{"self":[{"href":"https:\/\/guantesmoran.com\/fr\/wp-json\/wp\/v2\/pages\/4472","targetHints":{"allow":["GET"]}}],"collection":[{"href":"https:\/\/guantesmoran.com\/fr\/wp-json\/wp\/v2\/pages"}],"about":[{"href":"https:\/\/guantesmoran.com\/fr\/wp-json\/wp\/v2\/types\/page"}],"author":[{"embeddable":true,"href":"https:\/\/guantesmoran.com\/fr\/wp-json\/wp\/v2\/users\/1"}],"replies":[{"embeddable":true,"href":"https:\/\/guantesmoran.com\/fr\/wp-json\/wp\/v2\/comments?post=4472"}],"version-history":[{"count":38,"href":"https:\/\/guantesmoran.com\/fr\/wp-json\/wp\/v2\/pages\/4472\/revisions"}],"predecessor-version":[{"id":4559,"href":"https:\/\/guantesmoran.com\/fr\/wp-json\/wp\/v2\/pages\/4472\/revisions\/4559"}],"wp:attachment":[{"href":"https:\/\/guantesmoran.com\/fr\/wp-json\/wp\/v2\/media?parent=4472"}],"curies":[{"name":"wp","href":"https:\/\/api.w.org\/{rel}","templated":true}]}}