{"id":4181,"date":"2021-07-15T13:02:48","date_gmt":"2021-07-15T13:02:48","guid":{"rendered":"http:\/\/www.guantesmoran.com\/?post_type=product&#038;p=4181"},"modified":"2021-07-15T13:02:48","modified_gmt":"2021-07-15T13:02:48","slug":"guante-modelo-100-fv-c","status":"publish","type":"product","link":"https:\/\/guantesmoran.com\/en\/product\/guante-modelo-100-fv-c\/","title":{"rendered":"GLOVE MODEL 100-FV \/ C"},"content":{"rendered":"<h4><strong><span id=\"u4658\">NORMATIVE<\/span><\/strong><\/h4>\n<div class=\"row\">\n<div class=\"col-md-6\">\n<h4><a href=\"#en388\">EN 388:2016<\/a><\/h4>\n<p><a href=\"#en388\"><img decoding=\"async\" class=\"aligncenter wp-image-3979\" src=\"http:\/\/www.guantesmoran.com\/wp-content\/uploads\/2021\/07\/pictograma-ce-martillo-sin-fondo.png\" alt=\"\" width=\"60\" height=\"auto\" srcset=\"https:\/\/guantesmoran.com\/wp-content\/uploads\/2021\/07\/pictograma-ce-martillo-sin-fondo.png 180w, https:\/\/guantesmoran.com\/wp-content\/uploads\/2021\/07\/pictograma-ce-martillo-sin-fondo-11x12.png 11w\" sizes=\"(max-width: 180px) 100vw, 180px\" \/><\/a><br \/>\n2 1 3 2 B<\/p>\n<\/div>\n<\/div>\n<h4><strong><span id=\"u4658\">BASIC CHARACTERISTICS<\/span><\/strong><\/h4>\n<ul>\n<li>Extra-flexible grain leather, chrome tanned<\/li>\n<li>Approximate thickness 0.9 \/ 1.1 mm<\/li>\n<li>Gray color<\/li>\n<li>No outer seam on index finger<\/li>\n<li>Internal elastic adjustment on the back<\/li>\n<li>The seams are made with high resistance thread<\/li>\n<li>Approximate length 250 mm, for size 9<\/li>\n<li>Sizes: 6 - 12<\/li>\n<li>Dexterity: level 5<\/li>\n<\/ul>","protected":false},"excerpt":{"rendered":"<table class=\"woocommerce-product-attributes shop_attributes\">\n<tbody>\n<tr>\n<td style=\"text-align: center;\"><img decoding=\"async\" src=\"http:\/\/www.guantesmoran.com\/wp-content\/uploads\/2017\/01\/proteccion-abrasion.jpg\" \/><\/td>\n<td style=\"text-align: center;\"><img decoding=\"async\" src=\"http:\/\/www.guantesmoran.com\/wp-content\/uploads\/2017\/01\/proteccion-corte.jpg\" \/><\/td>\n<td style=\"text-align: center;\"><img decoding=\"async\" src=\"http:\/\/www.guantesmoran.com\/wp-content\/uploads\/2017\/01\/proteccion-rasgado.jpg\" \/><\/td>\n<td style=\"text-align: center;\"><img decoding=\"async\" src=\"http:\/\/www.guantesmoran.com\/wp-content\/uploads\/2017\/01\/proteccion-perforacion.jpg\" \/><\/td>\n<td style=\"text-align: center;\"><img decoding=\"async\" src=\"http:\/\/www.guantesmoran.com\/wp-content\/uploads\/2017\/01\/proteccion-desteridad.jpg\" \/><\/td>\n<\/tr>\n<tr>\n<td>\n<h4 style=\"text-align: center;\">MEDIUM<\/h4>\n<\/td>\n<td>\n<h4 style=\"text-align: center;\">BASIC MEDIUM<\/h4>\n<\/td>\n<td>\n<h4 style=\"text-align: center;\">HIGH<\/h4>\n<\/td>\n<td>\n<h4 style=\"text-align: center;\">MEDIUM<\/h4>\n<\/td>\n<td>\n<h4 style=\"text-align: center;\">VERY HIGH<\/h4>\n<\/td>\n<\/tr>\n<\/tbody>\n<\/table>\n<h4>DOCUMENTATION<\/h4>\n<p><a class=\"fichatecnica\" href=\"http:\/\/www.guantesmoran.com\/wp-content\/uploads\/2021\/07\/fi-100-fv-c-rev-01.pdf\"><img decoding=\"async\" class=\"alignnone size-full wp-image-4026\" src=\"http:\/\/www.guantesmoran.com\/wp-content\/uploads\/2021\/07\/pdf-file.png\" alt=\"\" width=\"64\" height=\"64\" srcset=\"https:\/\/guantesmoran.com\/wp-content\/uploads\/2021\/07\/pdf-file.png 64w, https:\/\/guantesmoran.com\/wp-content\/uploads\/2021\/07\/pdf-file-12x12.png 12w\" sizes=\"(max-width: 64px) 100vw, 64px\" \/><span class=\"ft1\">Data sheet<\/span><\/a><br \/>\n<a class=\"fichatecnica\" href=\"http:\/\/www.guantesmoran.com\/wp-content\/uploads\/2021\/07\/de-100-fv-c-108-fv-c-rev-02.pdf\"><img decoding=\"async\" class=\"alignnone size-full wp-image-4026\" src=\"http:\/\/www.guantesmoran.com\/wp-content\/uploads\/2021\/07\/pdf-file.png\" alt=\"\" width=\"64\" height=\"64\" srcset=\"https:\/\/guantesmoran.com\/wp-content\/uploads\/2021\/07\/pdf-file.png 64w, https:\/\/guantesmoran.com\/wp-content\/uploads\/2021\/07\/pdf-file-12x12.png 12w\" sizes=\"(max-width: 64px) 100vw, 64px\" \/><span class=\"ft1\">Statement<\/span><\/a><\/p>","protected":false},"featured_media":4184,"template":"","meta":[],"product_brand":[],"product_cat":[199],"product_tag":[],"class_list":{"0":"post-4181","1":"product","2":"type-product","3":"status-publish","4":"has-post-thumbnail","6":"product_cat-proteccion-mecanica","8":"first","9":"instock","10":"shipping-taxable","11":"product-type-simple"},"yoast_head":"<!-- This site is optimized with the Yoast SEO plugin v27.4 - https:\/\/yoast.com\/product\/yoast-seo-wordpress\/ -->\n<title>GUANTE MODELO 100-FV\/C - Guantes Moran<\/title>\n<meta name=\"robots\" content=\"index, follow, max-snippet:-1, max-image-preview:large, max-video-preview:-1\" \/>\n<link rel=\"canonical\" href=\"https:\/\/guantesmoran.com\/en\/product\/guante-modelo-100-fv-c\/\" \/>\n<meta property=\"og:locale\" content=\"en_US\" \/>\n<meta property=\"og:type\" content=\"article\" \/>\n<meta property=\"og:title\" content=\"GUANTE MODELO 100-FV\/C - Guantes Moran\" \/>\n<meta property=\"og:description\" content=\"MEDIA   B\u00c1SICA MEDIA   ALTA   MEDIA   MUY ALTA     DOCUMENTACI\u00d3N Ficha T\u00e9cnica Declaraci\u00f3n\" \/>\n<meta property=\"og:url\" content=\"https:\/\/guantesmoran.com\/en\/product\/guante-modelo-100-fv-c\/\" \/>\n<meta property=\"og:site_name\" content=\"Guantes Moran\" \/>\n<meta property=\"og:image\" content=\"https:\/\/guantesmoran.com\/wp-content\/uploads\/2021\/07\/100-fv_c.jpg\" \/>\n\t<meta property=\"og:image:width\" content=\"375\" \/>\n\t<meta property=\"og:image:height\" content=\"322\" \/>\n\t<meta property=\"og:image:type\" content=\"image\/jpeg\" \/>\n<meta name=\"twitter:card\" content=\"summary_large_image\" \/>\n<script type=\"application\/ld+json\" class=\"yoast-schema-graph\">{\"@context\":\"https:\\\/\\\/schema.org\",\"@graph\":[{\"@type\":\"WebPage\",\"@id\":\"https:\\\/\\\/guantesmoran.com\\\/product\\\/guante-modelo-100-fv-c\\\/\",\"url\":\"https:\\\/\\\/guantesmoran.com\\\/product\\\/guante-modelo-100-fv-c\\\/\",\"name\":\"GUANTE MODELO 100-FV\\\/C - Guantes Moran\",\"isPartOf\":{\"@id\":\"https:\\\/\\\/guantesmoran.com\\\/#website\"},\"primaryImageOfPage\":{\"@id\":\"https:\\\/\\\/guantesmoran.com\\\/product\\\/guante-modelo-100-fv-c\\\/#primaryimage\"},\"image\":{\"@id\":\"https:\\\/\\\/guantesmoran.com\\\/product\\\/guante-modelo-100-fv-c\\\/#primaryimage\"},\"thumbnailUrl\":\"https:\\\/\\\/guantesmoran.com\\\/wp-content\\\/uploads\\\/2021\\\/07\\\/100-fv_c.jpg\",\"datePublished\":\"2021-07-15T13:02:48+00:00\",\"breadcrumb\":{\"@id\":\"https:\\\/\\\/guantesmoran.com\\\/product\\\/guante-modelo-100-fv-c\\\/#breadcrumb\"},\"inLanguage\":\"en-US\",\"potentialAction\":[{\"@type\":\"ReadAction\",\"target\":[\"https:\\\/\\\/guantesmoran.com\\\/product\\\/guante-modelo-100-fv-c\\\/\"]}]},{\"@type\":\"ImageObject\",\"inLanguage\":\"en-US\",\"@id\":\"https:\\\/\\\/guantesmoran.com\\\/product\\\/guante-modelo-100-fv-c\\\/#primaryimage\",\"url\":\"https:\\\/\\\/guantesmoran.com\\\/wp-content\\\/uploads\\\/2021\\\/07\\\/100-fv_c.jpg\",\"contentUrl\":\"https:\\\/\\\/guantesmoran.com\\\/wp-content\\\/uploads\\\/2021\\\/07\\\/100-fv_c.jpg\",\"width\":375,\"height\":322},{\"@type\":\"BreadcrumbList\",\"@id\":\"https:\\\/\\\/guantesmoran.com\\\/product\\\/guante-modelo-100-fv-c\\\/#breadcrumb\",\"itemListElement\":[{\"@type\":\"ListItem\",\"position\":1,\"name\":\"Portada\",\"item\":\"https:\\\/\\\/guantesmoran.com\\\/\"},{\"@type\":\"ListItem\",\"position\":2,\"name\":\"Productos\",\"item\":\"https:\\\/\\\/guantesmoran.com\\\/productos\\\/\"},{\"@type\":\"ListItem\",\"position\":3,\"name\":\"GUANTE MODELO 100-FV\\\/C\"}]},{\"@type\":\"WebSite\",\"@id\":\"https:\\\/\\\/guantesmoran.com\\\/#website\",\"url\":\"https:\\\/\\\/guantesmoran.com\\\/\",\"name\":\"Guantes Moran\",\"description\":\"40 a\u00f1os protegiendo tus manos\",\"publisher\":{\"@id\":\"https:\\\/\\\/guantesmoran.com\\\/#organization\"},\"potentialAction\":[{\"@type\":\"SearchAction\",\"target\":{\"@type\":\"EntryPoint\",\"urlTemplate\":\"https:\\\/\\\/guantesmoran.com\\\/?s={search_term_string}\"},\"query-input\":{\"@type\":\"PropertyValueSpecification\",\"valueRequired\":true,\"valueName\":\"search_term_string\"}}],\"inLanguage\":\"en-US\"},{\"@type\":\"Organization\",\"@id\":\"https:\\\/\\\/guantesmoran.com\\\/#organization\",\"name\":\"Guantes Moran\",\"url\":\"https:\\\/\\\/guantesmoran.com\\\/\",\"logo\":{\"@type\":\"ImageObject\",\"inLanguage\":\"en-US\",\"@id\":\"https:\\\/\\\/guantesmoran.com\\\/#\\\/schema\\\/logo\\\/image\\\/\",\"url\":\"https:\\\/\\\/guantesmoran.com\\\/wp-content\\\/uploads\\\/2021\\\/07\\\/foto-contacto.png\",\"contentUrl\":\"https:\\\/\\\/guantesmoran.com\\\/wp-content\\\/uploads\\\/2021\\\/07\\\/foto-contacto.png\",\"width\":1920,\"height\":825,\"caption\":\"Guantes Moran\"},\"image\":{\"@id\":\"https:\\\/\\\/guantesmoran.com\\\/#\\\/schema\\\/logo\\\/image\\\/\"}}]}<\/script>\n<!-- \/ Yoast SEO plugin. -->","yoast_head_json":{"title":"GUANTE MODELO 100-FV\/C - Guantes Moran","robots":{"index":"index","follow":"follow","max-snippet":"max-snippet:-1","max-image-preview":"max-image-preview:large","max-video-preview":"max-video-preview:-1"},"canonical":"https:\/\/guantesmoran.com\/en\/product\/guante-modelo-100-fv-c\/","og_locale":"en_US","og_type":"article","og_title":"GUANTE MODELO 100-FV\/C - Guantes Moran","og_description":"MEDIA   B\u00c1SICA MEDIA   ALTA   MEDIA   MUY ALTA     DOCUMENTACI\u00d3N Ficha T\u00e9cnica Declaraci\u00f3n","og_url":"https:\/\/guantesmoran.com\/en\/product\/guante-modelo-100-fv-c\/","og_site_name":"Guantes Moran","og_image":[{"width":375,"height":322,"url":"https:\/\/guantesmoran.com\/wp-content\/uploads\/2021\/07\/100-fv_c.jpg","type":"image\/jpeg"}],"twitter_card":"summary_large_image","schema":{"@context":"https:\/\/schema.org","@graph":[{"@type":"WebPage","@id":"https:\/\/guantesmoran.com\/product\/guante-modelo-100-fv-c\/","url":"https:\/\/guantesmoran.com\/product\/guante-modelo-100-fv-c\/","name":"GUANTE MODELO 100-FV\/C - Guantes Moran","isPartOf":{"@id":"https:\/\/guantesmoran.com\/#website"},"primaryImageOfPage":{"@id":"https:\/\/guantesmoran.com\/product\/guante-modelo-100-fv-c\/#primaryimage"},"image":{"@id":"https:\/\/guantesmoran.com\/product\/guante-modelo-100-fv-c\/#primaryimage"},"thumbnailUrl":"https:\/\/guantesmoran.com\/wp-content\/uploads\/2021\/07\/100-fv_c.jpg","datePublished":"2021-07-15T13:02:48+00:00","breadcrumb":{"@id":"https:\/\/guantesmoran.com\/product\/guante-modelo-100-fv-c\/#breadcrumb"},"inLanguage":"en-US","potentialAction":[{"@type":"ReadAction","target":["https:\/\/guantesmoran.com\/product\/guante-modelo-100-fv-c\/"]}]},{"@type":"ImageObject","inLanguage":"en-US","@id":"https:\/\/guantesmoran.com\/product\/guante-modelo-100-fv-c\/#primaryimage","url":"https:\/\/guantesmoran.com\/wp-content\/uploads\/2021\/07\/100-fv_c.jpg","contentUrl":"https:\/\/guantesmoran.com\/wp-content\/uploads\/2021\/07\/100-fv_c.jpg","width":375,"height":322},{"@type":"BreadcrumbList","@id":"https:\/\/guantesmoran.com\/product\/guante-modelo-100-fv-c\/#breadcrumb","itemListElement":[{"@type":"ListItem","position":1,"name":"Portada","item":"https:\/\/guantesmoran.com\/"},{"@type":"ListItem","position":2,"name":"Productos","item":"https:\/\/guantesmoran.com\/productos\/"},{"@type":"ListItem","position":3,"name":"GUANTE MODELO 100-FV\/C"}]},{"@type":"WebSite","@id":"https:\/\/guantesmoran.com\/#website","url":"https:\/\/guantesmoran.com\/","name":"Guantes Moran","description":"40 years protecting your hands","publisher":{"@id":"https:\/\/guantesmoran.com\/#organization"},"potentialAction":[{"@type":"SearchAction","target":{"@type":"EntryPoint","urlTemplate":"https:\/\/guantesmoran.com\/?s={search_term_string}"},"query-input":{"@type":"PropertyValueSpecification","valueRequired":true,"valueName":"search_term_string"}}],"inLanguage":"en-US"},{"@type":"Organization","@id":"https:\/\/guantesmoran.com\/#organization","name":"Guantes Moran","url":"https:\/\/guantesmoran.com\/","logo":{"@type":"ImageObject","inLanguage":"en-US","@id":"https:\/\/guantesmoran.com\/#\/schema\/logo\/image\/","url":"https:\/\/guantesmoran.com\/wp-content\/uploads\/2021\/07\/foto-contacto.png","contentUrl":"https:\/\/guantesmoran.com\/wp-content\/uploads\/2021\/07\/foto-contacto.png","width":1920,"height":825,"caption":"Guantes Moran"},"image":{"@id":"https:\/\/guantesmoran.com\/#\/schema\/logo\/image\/"}}]}},"_links":{"self":[{"href":"https:\/\/guantesmoran.com\/en\/wp-json\/wp\/v2\/product\/4181","targetHints":{"allow":["GET"]}}],"collection":[{"href":"https:\/\/guantesmoran.com\/en\/wp-json\/wp\/v2\/product"}],"about":[{"href":"https:\/\/guantesmoran.com\/en\/wp-json\/wp\/v2\/types\/product"}],"wp:featuredmedia":[{"embeddable":true,"href":"https:\/\/guantesmoran.com\/en\/wp-json\/wp\/v2\/media\/4184"}],"wp:attachment":[{"href":"https:\/\/guantesmoran.com\/en\/wp-json\/wp\/v2\/media?parent=4181"}],"wp:term":[{"taxonomy":"product_brand","embeddable":true,"href":"https:\/\/guantesmoran.com\/en\/wp-json\/wp\/v2\/product_brand?post=4181"},{"taxonomy":"product_cat","embeddable":true,"href":"https:\/\/guantesmoran.com\/en\/wp-json\/wp\/v2\/product_cat?post=4181"},{"taxonomy":"product_tag","embeddable":true,"href":"https:\/\/guantesmoran.com\/en\/wp-json\/wp\/v2\/product_tag?post=4181"}],"curies":[{"name":"wp","href":"https:\/\/api.w.org\/{rel}","templated":true}]}}