{"id":4171,"date":"2021-07-15T12:28:46","date_gmt":"2021-07-15T12:28:46","guid":{"rendered":"http:\/\/www.guantesmoran.com\/?post_type=product&#038;p=4171"},"modified":"2021-07-15T12:28:46","modified_gmt":"2021-07-15T12:28:46","slug":"guante-modelo-121-fv-hi-far-mgto","status":"publish","type":"product","link":"https:\/\/guantesmoran.com\/en\/product\/guante-modelo-121-fv-hi-far-mgto\/","title":{"rendered":"GLOVE MODEL 121-FV\/HI\/FAR\/MGTO"},"content":{"rendered":"<h4><strong><span id=\"u4658\">NORMATIVE<\/span><\/strong><\/h4>\n<div class=\"row\">\n<div class=\"col-md-6\">\n<h4><a href=\"#en388\">EN 388:2016<\/a><\/h4>\n<p><a href=\"#en388\"><img decoding=\"async\" class=\"aligncenter wp-image-3979\" src=\"http:\/\/www.guantesmoran.com\/wp-content\/uploads\/2021\/07\/pictograma-ce-martillo-sin-fondo.png\" alt=\"\" width=\"60\" height=\"auto\" srcset=\"https:\/\/guantesmoran.com\/wp-content\/uploads\/2021\/07\/pictograma-ce-martillo-sin-fondo.png 180w, https:\/\/guantesmoran.com\/wp-content\/uploads\/2021\/07\/pictograma-ce-martillo-sin-fondo-11x12.png 11w\" sizes=\"(max-width: 180px) 100vw, 180px\" \/><\/a><br \/>\n4 5 4 4 X<\/p>\n<\/div>\n<div class=\"col-md-6\">\n<h4><a href=\"#en407\">EN 407:2020<\/a><\/h4>\n<p><a href=\"#en407\"><img decoding=\"async\" class=\"aligncenter wp-image-3990\" src=\"http:\/\/www.guantesmoran.com\/wp-content\/uploads\/2021\/07\/pictograma-ce-llama-sin-fondo.png\" alt=\"\" width=\"60\" height=\"auto\" srcset=\"https:\/\/guantesmoran.com\/wp-content\/uploads\/2021\/07\/pictograma-ce-llama-sin-fondo.png 180w, https:\/\/guantesmoran.com\/wp-content\/uploads\/2021\/07\/pictograma-ce-llama-sin-fondo-11x12.png 11w\" sizes=\"(max-width: 180px) 100vw, 180px\" \/><\/a><br \/>\n4 1 4 3 4 X<\/p>\n<\/div>\n<\/div>\n<h4><strong><span id=\"u4658\">BASIC CHARACTERISTICS<\/span><\/strong><\/h4>\n<ul>\n<li>Glove with cuff<\/li>\n<li>Chrome tanned grain leather, waterproofed and fireproof<\/li>\n<li>Black color<\/li>\n<li>Approximate thickness 1.1 \/ 1.2 mm<\/li>\n<li>High cut resistance textile lining<\/li>\n<li>The long cuff can be 7, 10, 14, 18 or 20 cm, according to need<\/li>\n<li>Sizes: 7 - 12<\/li>\n<li>Dexterity: 3<\/li>\n<\/ul>\n<h4><span id=\"u4668\">OTRAS OPCIONES O VARIANTES<\/span><\/h4>\n<p>On demand it can be manufactured:<\/p>\n<ul>\n<li>On request it can incorporate a ring and a fixing carabiner<\/li>\n<li>It can also be made in beige, green, gray or blue leather on request.<\/li>\n<li>Likewise, on demand it can also incorporate a moisture barrier<\/li>\n<\/ul>","protected":false},"excerpt":{"rendered":"<table class=\"woocommerce-product-attributes shop_attributes\">\n<tbody>\n<tr>\n<td style=\"text-align: center;\"><img decoding=\"async\" src=\"http:\/\/www.guantesmoran.com\/wp-content\/uploads\/2017\/01\/proteccion-abrasion.jpg\" \/><\/td>\n<td style=\"text-align: center;\"><img decoding=\"async\" src=\"http:\/\/www.guantesmoran.com\/wp-content\/uploads\/2017\/01\/proteccion-corte.jpg\" \/><\/td>\n<td style=\"text-align: center;\"><img decoding=\"async\" src=\"http:\/\/www.guantesmoran.com\/wp-content\/uploads\/2017\/01\/proteccion-rasgado.jpg\" \/><\/td>\n<td style=\"text-align: center;\"><img decoding=\"async\" src=\"http:\/\/www.guantesmoran.com\/wp-content\/uploads\/2017\/01\/proteccion-perforacion.jpg\" \/><\/td>\n<td style=\"text-align: center;\"><img decoding=\"async\" src=\"http:\/\/www.guantesmoran.com\/wp-content\/uploads\/2017\/01\/proteccion-ccontacto.jpg\" \/><\/td>\n<td style=\"text-align: center;\"><img decoding=\"async\" src=\"http:\/\/www.guantesmoran.com\/wp-content\/uploads\/2017\/01\/proteccion-cconvectivo.jpg\" \/><\/td>\n<td style=\"text-align: center;\"><img decoding=\"async\" src=\"http:\/\/www.guantesmoran.com\/wp-content\/uploads\/2017\/01\/proteccion-cradiante.jpg\" \/><\/td>\n<td style=\"text-align: center;\"><img decoding=\"async\" src=\"http:\/\/www.guantesmoran.com\/wp-content\/uploads\/2017\/01\/proteccion-desteridad.jpg\" \/><\/td>\n<\/tr>\n<tr>\n<td>\n<h4 style=\"text-align: center;\">VERY HIGH<\/h4>\n<\/td>\n<td>\n<h4 style=\"text-align: center;\">VERY HIGH<\/h4>\n<\/td>\n<td>\n<h4 style=\"text-align: center;\">VERY HIGH<\/h4>\n<\/td>\n<td>\n<h4 style=\"text-align: center;\">VERY HIGH<\/h4>\n<\/td>\n<td>\n<h4 style=\"text-align: center;\">BASIC<\/h4>\n<\/td>\n<td>\n<h4 style=\"text-align: center;\">VERY HIGH<\/h4>\n<\/td>\n<td>\n<h4 style=\"text-align: center;\">HIGH<\/h4>\n<\/td>\n<td>\n<h4 style=\"text-align: center;\">MEDIUM<\/h4>\n<\/td>\n<\/tr>\n<\/tbody>\n<\/table>\n<h4>DOCUMENTATION<\/h4>\n<p><a class=\"fichatecnica\" href=\"http:\/\/www.guantesmoran.com\/wp-content\/uploads\/2021\/07\/fi-121-fv-hi-far-mgto.pdf\"><img decoding=\"async\" class=\"alignnone size-full wp-image-4026\" src=\"http:\/\/www.guantesmoran.com\/wp-content\/uploads\/2021\/07\/pdf-file.png\" alt=\"\" width=\"64\" height=\"64\" srcset=\"https:\/\/guantesmoran.com\/wp-content\/uploads\/2021\/07\/pdf-file.png 64w, https:\/\/guantesmoran.com\/wp-content\/uploads\/2021\/07\/pdf-file-12x12.png 12w\" sizes=\"(max-width: 64px) 100vw, 64px\" \/><span class=\"ft1\">Data sheet<\/span><\/a><\/p>","protected":false},"featured_media":4173,"template":"","meta":[],"product_brand":[],"product_cat":[202,206],"product_tag":[],"class_list":{"0":"post-4171","1":"product","2":"type-product","3":"status-publish","4":"has-post-thumbnail","6":"product_cat-aplicaciones-especiales","7":"product_cat-guantes-policia","9":"first","10":"instock","11":"shipping-taxable","12":"product-type-simple"},"yoast_head":"<!-- This site is optimized with the Yoast SEO plugin v27.4 - https:\/\/yoast.com\/product\/yoast-seo-wordpress\/ -->\n<title>GUANTE MODELO 121-FV\/HI\/FAR\/MGTO - Guantes Moran<\/title>\n<meta name=\"robots\" content=\"index, follow, max-snippet:-1, max-image-preview:large, max-video-preview:-1\" \/>\n<link rel=\"canonical\" href=\"https:\/\/guantesmoran.com\/en\/product\/guante-modelo-121-fv-hi-far-mgto\/\" \/>\n<meta property=\"og:locale\" content=\"en_US\" \/>\n<meta property=\"og:type\" content=\"article\" \/>\n<meta property=\"og:title\" content=\"GUANTE MODELO 121-FV\/HI\/FAR\/MGTO - Guantes Moran\" \/>\n<meta property=\"og:description\" content=\"MUY ALTA   MUY ALTA   MUY ALTA   MUY ALTA   B\u00c1SICA   MUY ALTA   ALTA   MEDIA     DOCUMENTACI\u00d3N Ficha T\u00e9cnica\" \/>\n<meta property=\"og:url\" content=\"https:\/\/guantesmoran.com\/en\/product\/guante-modelo-121-fv-hi-far-mgto\/\" \/>\n<meta property=\"og:site_name\" content=\"Guantes Moran\" \/>\n<meta property=\"og:image\" content=\"https:\/\/guantesmoran.com\/wp-content\/uploads\/2021\/07\/121-fv_hi_far_mgto.jpg\" \/>\n\t<meta property=\"og:image:width\" content=\"375\" \/>\n\t<meta property=\"og:image:height\" content=\"322\" \/>\n\t<meta property=\"og:image:type\" content=\"image\/jpeg\" \/>\n<meta name=\"twitter:card\" content=\"summary_large_image\" \/>\n<script type=\"application\/ld+json\" class=\"yoast-schema-graph\">{\"@context\":\"https:\\\/\\\/schema.org\",\"@graph\":[{\"@type\":\"WebPage\",\"@id\":\"https:\\\/\\\/guantesmoran.com\\\/en\\\/product\\\/guante-modelo-121-fv-hi-far-mgto\\\/\",\"url\":\"https:\\\/\\\/guantesmoran.com\\\/en\\\/product\\\/guante-modelo-121-fv-hi-far-mgto\\\/\",\"name\":\"GUANTE MODELO 121-FV\\\/HI\\\/FAR\\\/MGTO - Guantes Moran\",\"isPartOf\":{\"@id\":\"https:\\\/\\\/guantesmoran.com\\\/#website\"},\"primaryImageOfPage\":{\"@id\":\"https:\\\/\\\/guantesmoran.com\\\/en\\\/product\\\/guante-modelo-121-fv-hi-far-mgto\\\/#primaryimage\"},\"image\":{\"@id\":\"https:\\\/\\\/guantesmoran.com\\\/en\\\/product\\\/guante-modelo-121-fv-hi-far-mgto\\\/#primaryimage\"},\"thumbnailUrl\":\"https:\\\/\\\/guantesmoran.com\\\/wp-content\\\/uploads\\\/2021\\\/07\\\/121-fv_hi_far_mgto.jpg\",\"datePublished\":\"2021-07-15T12:28:46+00:00\",\"breadcrumb\":{\"@id\":\"https:\\\/\\\/guantesmoran.com\\\/en\\\/product\\\/guante-modelo-121-fv-hi-far-mgto\\\/#breadcrumb\"},\"inLanguage\":\"en-US\",\"potentialAction\":[{\"@type\":\"ReadAction\",\"target\":[\"https:\\\/\\\/guantesmoran.com\\\/en\\\/product\\\/guante-modelo-121-fv-hi-far-mgto\\\/\"]}]},{\"@type\":\"ImageObject\",\"inLanguage\":\"en-US\",\"@id\":\"https:\\\/\\\/guantesmoran.com\\\/en\\\/product\\\/guante-modelo-121-fv-hi-far-mgto\\\/#primaryimage\",\"url\":\"https:\\\/\\\/guantesmoran.com\\\/wp-content\\\/uploads\\\/2021\\\/07\\\/121-fv_hi_far_mgto.jpg\",\"contentUrl\":\"https:\\\/\\\/guantesmoran.com\\\/wp-content\\\/uploads\\\/2021\\\/07\\\/121-fv_hi_far_mgto.jpg\",\"width\":375,\"height\":322},{\"@type\":\"BreadcrumbList\",\"@id\":\"https:\\\/\\\/guantesmoran.com\\\/en\\\/product\\\/guante-modelo-121-fv-hi-far-mgto\\\/#breadcrumb\",\"itemListElement\":[{\"@type\":\"ListItem\",\"position\":1,\"name\":\"Portada\",\"item\":\"https:\\\/\\\/guantesmoran.com\\\/\"},{\"@type\":\"ListItem\",\"position\":2,\"name\":\"Productos\",\"item\":\"https:\\\/\\\/guantesmoran.com\\\/productos\\\/\"},{\"@type\":\"ListItem\",\"position\":3,\"name\":\"GUANTE MODELO 121-FV\\\/HI\\\/FAR\\\/MGTO\"}]},{\"@type\":\"WebSite\",\"@id\":\"https:\\\/\\\/guantesmoran.com\\\/#website\",\"url\":\"https:\\\/\\\/guantesmoran.com\\\/\",\"name\":\"Guantes Moran\",\"description\":\"40 a\u00f1os protegiendo tus manos\",\"publisher\":{\"@id\":\"https:\\\/\\\/guantesmoran.com\\\/#organization\"},\"potentialAction\":[{\"@type\":\"SearchAction\",\"target\":{\"@type\":\"EntryPoint\",\"urlTemplate\":\"https:\\\/\\\/guantesmoran.com\\\/?s={search_term_string}\"},\"query-input\":{\"@type\":\"PropertyValueSpecification\",\"valueRequired\":true,\"valueName\":\"search_term_string\"}}],\"inLanguage\":\"en-US\"},{\"@type\":\"Organization\",\"@id\":\"https:\\\/\\\/guantesmoran.com\\\/#organization\",\"name\":\"Guantes Moran\",\"url\":\"https:\\\/\\\/guantesmoran.com\\\/\",\"logo\":{\"@type\":\"ImageObject\",\"inLanguage\":\"en-US\",\"@id\":\"https:\\\/\\\/guantesmoran.com\\\/#\\\/schema\\\/logo\\\/image\\\/\",\"url\":\"https:\\\/\\\/guantesmoran.com\\\/wp-content\\\/uploads\\\/2021\\\/07\\\/foto-contacto.png\",\"contentUrl\":\"https:\\\/\\\/guantesmoran.com\\\/wp-content\\\/uploads\\\/2021\\\/07\\\/foto-contacto.png\",\"width\":1920,\"height\":825,\"caption\":\"Guantes Moran\"},\"image\":{\"@id\":\"https:\\\/\\\/guantesmoran.com\\\/#\\\/schema\\\/logo\\\/image\\\/\"}}]}<\/script>\n<!-- \/ Yoast SEO plugin. -->","yoast_head_json":{"title":"GUANTE MODELO 121-FV\/HI\/FAR\/MGTO - Guantes Moran","robots":{"index":"index","follow":"follow","max-snippet":"max-snippet:-1","max-image-preview":"max-image-preview:large","max-video-preview":"max-video-preview:-1"},"canonical":"https:\/\/guantesmoran.com\/en\/product\/guante-modelo-121-fv-hi-far-mgto\/","og_locale":"en_US","og_type":"article","og_title":"GUANTE MODELO 121-FV\/HI\/FAR\/MGTO - Guantes Moran","og_description":"MUY ALTA   MUY ALTA   MUY ALTA   MUY ALTA   B\u00c1SICA   MUY ALTA   ALTA   MEDIA     DOCUMENTACI\u00d3N Ficha T\u00e9cnica","og_url":"https:\/\/guantesmoran.com\/en\/product\/guante-modelo-121-fv-hi-far-mgto\/","og_site_name":"Guantes Moran","og_image":[{"width":375,"height":322,"url":"https:\/\/guantesmoran.com\/wp-content\/uploads\/2021\/07\/121-fv_hi_far_mgto.jpg","type":"image\/jpeg"}],"twitter_card":"summary_large_image","schema":{"@context":"https:\/\/schema.org","@graph":[{"@type":"WebPage","@id":"https:\/\/guantesmoran.com\/en\/product\/guante-modelo-121-fv-hi-far-mgto\/","url":"https:\/\/guantesmoran.com\/en\/product\/guante-modelo-121-fv-hi-far-mgto\/","name":"GUANTE MODELO 121-FV\/HI\/FAR\/MGTO - Guantes Moran","isPartOf":{"@id":"https:\/\/guantesmoran.com\/#website"},"primaryImageOfPage":{"@id":"https:\/\/guantesmoran.com\/en\/product\/guante-modelo-121-fv-hi-far-mgto\/#primaryimage"},"image":{"@id":"https:\/\/guantesmoran.com\/en\/product\/guante-modelo-121-fv-hi-far-mgto\/#primaryimage"},"thumbnailUrl":"https:\/\/guantesmoran.com\/wp-content\/uploads\/2021\/07\/121-fv_hi_far_mgto.jpg","datePublished":"2021-07-15T12:28:46+00:00","breadcrumb":{"@id":"https:\/\/guantesmoran.com\/en\/product\/guante-modelo-121-fv-hi-far-mgto\/#breadcrumb"},"inLanguage":"en-US","potentialAction":[{"@type":"ReadAction","target":["https:\/\/guantesmoran.com\/en\/product\/guante-modelo-121-fv-hi-far-mgto\/"]}]},{"@type":"ImageObject","inLanguage":"en-US","@id":"https:\/\/guantesmoran.com\/en\/product\/guante-modelo-121-fv-hi-far-mgto\/#primaryimage","url":"https:\/\/guantesmoran.com\/wp-content\/uploads\/2021\/07\/121-fv_hi_far_mgto.jpg","contentUrl":"https:\/\/guantesmoran.com\/wp-content\/uploads\/2021\/07\/121-fv_hi_far_mgto.jpg","width":375,"height":322},{"@type":"BreadcrumbList","@id":"https:\/\/guantesmoran.com\/en\/product\/guante-modelo-121-fv-hi-far-mgto\/#breadcrumb","itemListElement":[{"@type":"ListItem","position":1,"name":"Portada","item":"https:\/\/guantesmoran.com\/"},{"@type":"ListItem","position":2,"name":"Productos","item":"https:\/\/guantesmoran.com\/productos\/"},{"@type":"ListItem","position":3,"name":"GUANTE MODELO 121-FV\/HI\/FAR\/MGTO"}]},{"@type":"WebSite","@id":"https:\/\/guantesmoran.com\/#website","url":"https:\/\/guantesmoran.com\/","name":"Guantes Moran","description":"40 years protecting your hands","publisher":{"@id":"https:\/\/guantesmoran.com\/#organization"},"potentialAction":[{"@type":"SearchAction","target":{"@type":"EntryPoint","urlTemplate":"https:\/\/guantesmoran.com\/?s={search_term_string}"},"query-input":{"@type":"PropertyValueSpecification","valueRequired":true,"valueName":"search_term_string"}}],"inLanguage":"en-US"},{"@type":"Organization","@id":"https:\/\/guantesmoran.com\/#organization","name":"Guantes Moran","url":"https:\/\/guantesmoran.com\/","logo":{"@type":"ImageObject","inLanguage":"en-US","@id":"https:\/\/guantesmoran.com\/#\/schema\/logo\/image\/","url":"https:\/\/guantesmoran.com\/wp-content\/uploads\/2021\/07\/foto-contacto.png","contentUrl":"https:\/\/guantesmoran.com\/wp-content\/uploads\/2021\/07\/foto-contacto.png","width":1920,"height":825,"caption":"Guantes Moran"},"image":{"@id":"https:\/\/guantesmoran.com\/#\/schema\/logo\/image\/"}}]}},"_links":{"self":[{"href":"https:\/\/guantesmoran.com\/en\/wp-json\/wp\/v2\/product\/4171","targetHints":{"allow":["GET"]}}],"collection":[{"href":"https:\/\/guantesmoran.com\/en\/wp-json\/wp\/v2\/product"}],"about":[{"href":"https:\/\/guantesmoran.com\/en\/wp-json\/wp\/v2\/types\/product"}],"wp:featuredmedia":[{"embeddable":true,"href":"https:\/\/guantesmoran.com\/en\/wp-json\/wp\/v2\/media\/4173"}],"wp:attachment":[{"href":"https:\/\/guantesmoran.com\/en\/wp-json\/wp\/v2\/media?parent=4171"}],"wp:term":[{"taxonomy":"product_brand","embeddable":true,"href":"https:\/\/guantesmoran.com\/en\/wp-json\/wp\/v2\/product_brand?post=4171"},{"taxonomy":"product_cat","embeddable":true,"href":"https:\/\/guantesmoran.com\/en\/wp-json\/wp\/v2\/product_cat?post=4171"},{"taxonomy":"product_tag","embeddable":true,"href":"https:\/\/guantesmoran.com\/en\/wp-json\/wp\/v2\/product_tag?post=4171"}],"curies":[{"name":"wp","href":"https:\/\/api.w.org\/{rel}","templated":true}]}}