{"id":4511,"date":"2021-07-22T10:17:34","date_gmt":"2021-07-22T10:17:34","guid":{"rendered":"http:\/\/www.guantesmoran.com\/?page_id=4511"},"modified":"2025-09-25T09:28:06","modified_gmt":"2025-09-25T09:28:06","slug":"empresa","status":"publish","type":"page","link":"https:\/\/guantesmoran.com\/en\/empresa\/","title":{"rendered":"Company"},"content":{"rendered":"<div data-elementor-type=\"wp-page\" data-elementor-id=\"4511\" class=\"elementor elementor-4511\" data-elementor-post-type=\"page\">\n\t\t\t\t\t\t<section class=\"elementor-section elementor-top-section elementor-element elementor-element-4e06b08 elementor-section-boxed elementor-section-height-default elementor-section-height-default\" data-id=\"4e06b08\" data-element_type=\"section\" data-e-type=\"section\">\n\t\t\t\t\t\t<div class=\"elementor-container elementor-column-gap-default\">\n\t\t\t\t\t<div class=\"elementor-column elementor-col-100 elementor-top-column elementor-element elementor-element-bb36eca\" data-id=\"bb36eca\" data-element_type=\"column\" data-e-type=\"column\">\n\t\t\t<div class=\"elementor-widget-wrap elementor-element-populated\">\n\t\t\t\t\t\t<div class=\"elementor-element elementor-element-dd8f505 elementor-widget elementor-widget-heading\" data-id=\"dd8f505\" data-element_type=\"widget\" data-e-type=\"widget\" data-widget_type=\"heading.default\">\n\t\t\t\t<div class=\"elementor-widget-container\">\n\t\t\t\t\t<h2 class=\"elementor-heading-title elementor-size-default\">Security at your fingertips<\/h2>\t\t\t\t<\/div>\n\t\t\t\t<\/div>\n\t\t\t\t<div class=\"elementor-element elementor-element-42c8064 elementor-widget elementor-widget-text-editor\" data-id=\"42c8064\" data-element_type=\"widget\" data-e-type=\"widget\" data-widget_type=\"text-editor.default\">\n\t\t\t\t<div class=\"elementor-widget-container\">\n\t\t\t\t\t\t\t\t\t<p class=\"translation-block\"><strong> Industrial Gloves Mor\u00e1n has been developing and manufacturing protective industrial gloves for more than 40 years <\/strong>. Our facilities in the Mora Garay Industrial Estate in Gij\u00f3n, covering more than a thousand square meters, house offices, warehouses and workshops where we develop a high quality product and <strong> Own Manufacture. <\/strong><\/p><p class=\"translation-block\">Gloves Industriales Mor\u00e1n combines traditional methods with state-of-the-art machinery (hydraulic cutting machines, thread cutting sewing machines, two-needle sewing machines, rubber assembly machines, etc.) that allow the realization of a <strong> high quality product, <\/strong> safe and comfortable, capable of withstanding the toughest working conditions.<\/p><p>All our models respond to the different needs of each client, and also adapt to the CE regulations regarding personal protective equipment PPE, all of them being certified in categories 2 and 3 according to CE standards: EN ISO 420, EN388, EN407, EN511 , EN659-03, EN 12477, EN ISO 11393.<\/p><p>During these 40 years, Guantes Industriales Mor\u00e1n has earned the trust of prestigious clients, both from the public and private sectors. In addition to exporting your product to the international market.<\/p>\t\t\t\t\t\t\t\t<\/div>\n\t\t\t\t<\/div>\n\t\t\t\t<section class=\"elementor-section elementor-inner-section elementor-element elementor-element-d72a32b elementor-section-boxed elementor-section-height-default elementor-section-height-default\" data-id=\"d72a32b\" data-element_type=\"section\" data-e-type=\"section\">\n\t\t\t\t\t\t<div class=\"elementor-container elementor-column-gap-default\">\n\t\t\t\t\t<div class=\"elementor-column elementor-col-50 elementor-inner-column elementor-element elementor-element-39bc6f4\" data-id=\"39bc6f4\" data-element_type=\"column\" data-e-type=\"column\">\n\t\t\t<div class=\"elementor-widget-wrap elementor-element-populated\">\n\t\t\t\t\t\t<div class=\"elementor-element elementor-element-a819fbc elementor-widget elementor-widget-image\" data-id=\"a819fbc\" data-element_type=\"widget\" data-e-type=\"widget\" data-widget_type=\"image.default\">\n\t\t\t\t<div class=\"elementor-widget-container\">\n\t\t\t\t\t\t\t\t\t\t\t\t\t\t\t<img decoding=\"async\" src=\"https:\/\/guantesmoran.com\/wp-content\/uploads\/2021\/06\/Recurso-2.svg\" class=\"attachment-full size-full wp-image-3647\" alt=\"\" \/>\t\t\t\t\t\t\t\t\t\t\t\t\t\t\t<\/div>\n\t\t\t\t<\/div>\n\t\t\t\t\t<\/div>\n\t\t<\/div>\n\t\t\t\t<div class=\"elementor-column elementor-col-50 elementor-inner-column elementor-element elementor-element-48a5694\" data-id=\"48a5694\" data-element_type=\"column\" data-e-type=\"column\">\n\t\t\t<div class=\"elementor-widget-wrap elementor-element-populated\">\n\t\t\t\t\t\t<div class=\"elementor-element elementor-element-8ba989f elementor-widget elementor-widget-image\" data-id=\"8ba989f\" data-element_type=\"widget\" data-e-type=\"widget\" data-widget_type=\"image.default\">\n\t\t\t\t<div class=\"elementor-widget-container\">\n\t\t\t\t\t\t\t\t\t\t\t\t\t\t\t<img fetchpriority=\"high\" decoding=\"async\" width=\"1579\" height=\"810\" src=\"https:\/\/guantesmoran.com\/wp-content\/uploads\/2021\/07\/nave-gijon.jpg\" class=\"attachment-full size-full wp-image-4584\" alt=\"\" srcset=\"https:\/\/guantesmoran.com\/wp-content\/uploads\/2021\/07\/nave-gijon.jpg 1579w, https:\/\/guantesmoran.com\/wp-content\/uploads\/2021\/07\/nave-gijon-450x231.jpg 450w, https:\/\/guantesmoran.com\/wp-content\/uploads\/2021\/07\/nave-gijon-595x305.jpg 595w, https:\/\/guantesmoran.com\/wp-content\/uploads\/2021\/07\/nave-gijon-768x394.jpg 768w, https:\/\/guantesmoran.com\/wp-content\/uploads\/2021\/07\/nave-gijon-1536x788.jpg 1536w, https:\/\/guantesmoran.com\/wp-content\/uploads\/2021\/07\/nave-gijon-16x8.jpg 16w\" sizes=\"(max-width: 1579px) 100vw, 1579px\" \/>\t\t\t\t\t\t\t\t\t\t\t\t\t\t\t<\/div>\n\t\t\t\t<\/div>\n\t\t\t\t\t<\/div>\n\t\t<\/div>\n\t\t\t\t\t<\/div>\n\t\t<\/section>\n\t\t\t\t<section class=\"elementor-section elementor-inner-section elementor-element elementor-element-a5cd144 elementor-section-boxed elementor-section-height-default elementor-section-height-default\" data-id=\"a5cd144\" data-element_type=\"section\" data-e-type=\"section\">\n\t\t\t\t\t\t<div class=\"elementor-container elementor-column-gap-default\">\n\t\t\t\t\t<div class=\"elementor-column elementor-col-50 elementor-inner-column elementor-element elementor-element-0616ff1\" data-id=\"0616ff1\" data-element_type=\"column\" data-e-type=\"column\">\n\t\t\t<div class=\"elementor-widget-wrap elementor-element-populated\">\n\t\t\t\t\t\t<div class=\"elementor-element elementor-element-bb230d6 elementor-widget elementor-widget-image\" data-id=\"bb230d6\" data-element_type=\"widget\" data-e-type=\"widget\" data-widget_type=\"image.default\">\n\t\t\t\t<div class=\"elementor-widget-container\">\n\t\t\t\t\t\t\t\t\t\t\t\t\t\t\t<img decoding=\"async\" width=\"595\" height=\"275\" src=\"https:\/\/guantesmoran.com\/wp-content\/uploads\/2021\/06\/taller-595x275.jpg\" class=\"attachment-large size-large wp-image-3654\" alt=\"\" srcset=\"https:\/\/guantesmoran.com\/wp-content\/uploads\/2021\/06\/taller-595x275.jpg 595w, https:\/\/guantesmoran.com\/wp-content\/uploads\/2021\/06\/taller-450x208.jpg 450w, https:\/\/guantesmoran.com\/wp-content\/uploads\/2021\/06\/taller-768x355.jpg 768w, https:\/\/guantesmoran.com\/wp-content\/uploads\/2021\/06\/taller.jpg 791w\" sizes=\"(max-width: 595px) 100vw, 595px\" \/>\t\t\t\t\t\t\t\t\t\t\t\t\t\t\t<\/div>\n\t\t\t\t<\/div>\n\t\t\t\t\t<\/div>\n\t\t<\/div>\n\t\t\t\t<div class=\"elementor-column elementor-col-50 elementor-inner-column elementor-element elementor-element-62112f8\" data-id=\"62112f8\" data-element_type=\"column\" data-e-type=\"column\">\n\t\t\t<div class=\"elementor-widget-wrap elementor-element-populated\">\n\t\t\t\t\t\t<div class=\"elementor-element elementor-element-09e1e8a elementor-align-start elementor-icon-list--layout-traditional elementor-list-item-link-full_width elementor-widget elementor-widget-icon-list\" data-id=\"09e1e8a\" data-element_type=\"widget\" data-e-type=\"widget\" data-widget_type=\"icon-list.default\">\n\t\t\t\t<div class=\"elementor-widget-container\">\n\t\t\t\t\t\t\t<ul class=\"elementor-icon-list-items\">\n\t\t\t\t\t\t\t<li class=\"elementor-icon-list-item\">\n\t\t\t\t\t\t\t\t\t\t\t<span class=\"elementor-icon-list-icon\">\n\t\t\t\t\t\t\t<i aria-hidden=\"true\" class=\"far fa-arrow-alt-circle-right\"><\/i>\t\t\t\t\t\t<\/span>\n\t\t\t\t\t\t\t\t\t\t<span class=\"elementor-icon-list-text\">SECURITY<\/span>\n\t\t\t\t\t\t\t\t\t<\/li>\n\t\t\t\t\t\t\t\t<li class=\"elementor-icon-list-item\">\n\t\t\t\t\t\t\t\t\t\t\t<span class=\"elementor-icon-list-icon\">\n\t\t\t\t\t\t\t<i aria-hidden=\"true\" class=\"far fa-arrow-alt-circle-right\"><\/i>\t\t\t\t\t\t<\/span>\n\t\t\t\t\t\t\t\t\t\t<span class=\"elementor-icon-list-text\">PROTECTION<\/span>\n\t\t\t\t\t\t\t\t\t<\/li>\n\t\t\t\t\t\t\t\t<li class=\"elementor-icon-list-item\">\n\t\t\t\t\t\t\t\t\t\t\t<span class=\"elementor-icon-list-icon\">\n\t\t\t\t\t\t\t<i aria-hidden=\"true\" class=\"far fa-arrow-alt-circle-right\"><\/i>\t\t\t\t\t\t<\/span>\n\t\t\t\t\t\t\t\t\t\t<span class=\"elementor-icon-list-text\">COMFORT<\/span>\n\t\t\t\t\t\t\t\t\t<\/li>\n\t\t\t\t\t\t\t\t<li class=\"elementor-icon-list-item\">\n\t\t\t\t\t\t\t\t\t\t\t<span class=\"elementor-icon-list-icon\">\n\t\t\t\t\t\t\t<i aria-hidden=\"true\" class=\"far fa-arrow-alt-circle-right\"><\/i>\t\t\t\t\t\t<\/span>\n\t\t\t\t\t\t\t\t\t\t<span class=\"elementor-icon-list-text\">RESISTANCE<\/span>\n\t\t\t\t\t\t\t\t\t<\/li>\n\t\t\t\t\t\t\t\t<li class=\"elementor-icon-list-item\">\n\t\t\t\t\t\t\t\t\t\t\t<span class=\"elementor-icon-list-icon\">\n\t\t\t\t\t\t\t<i aria-hidden=\"true\" class=\"far fa-arrow-alt-circle-right\"><\/i>\t\t\t\t\t\t<\/span>\n\t\t\t\t\t\t\t\t\t\t<span class=\"elementor-icon-list-text\">DURABILITY<\/span>\n\t\t\t\t\t\t\t\t\t<\/li>\n\t\t\t\t\t\t<\/ul>\n\t\t\t\t\t\t<\/div>\n\t\t\t\t<\/div>\n\t\t\t\t\t<\/div>\n\t\t<\/div>\n\t\t\t\t\t<\/div>\n\t\t<\/section>\n\t\t\t\t<div class=\"elementor-element elementor-element-1807e14 elementor-widget elementor-widget-heading\" data-id=\"1807e14\" data-element_type=\"widget\" data-e-type=\"widget\" data-widget_type=\"heading.default\">\n\t\t\t\t<div class=\"elementor-widget-container\">\n\t\t\t\t\t<h2 class=\"elementor-heading-title elementor-size-default\">QUALITY<\/h2>\t\t\t\t<\/div>\n\t\t\t\t<\/div>\n\t\t\t\t<div class=\"elementor-element elementor-element-dd4b0b0 elementor-widget elementor-widget-text-editor\" data-id=\"dd4b0b0\" data-element_type=\"widget\" data-e-type=\"widget\" data-widget_type=\"text-editor.default\">\n\t\t\t\t<div class=\"elementor-widget-container\">\n\t\t\t\t\t\t\t\t\t<p>At Guantes Industriales Mor\u00e1n we seek to reduce, with specific safety measures, the risks inherent to work activity, establishing barriers between the hand and the danger.<\/p><h5><strong>40 years protecting your hands.<\/strong><\/h5><p>When preparing our products, our design department takes into account that specific risks exist in the different jobs, what effects these risks have and which sectors they affect, guaranteeing the quality of all our products and complying with the implicit standards and requirements.<\/p>\t\t\t\t\t\t\t\t<\/div>\n\t\t\t\t<\/div>\n\t\t\t\t<div class=\"elementor-element elementor-element-87e9acf elementor-widget elementor-widget-heading\" data-id=\"87e9acf\" data-element_type=\"widget\" data-e-type=\"widget\" data-widget_type=\"heading.default\">\n\t\t\t\t<div class=\"elementor-widget-container\">\n\t\t\t\t\t<h2 class=\"elementor-heading-title elementor-size-default\">POL\u00cdTICA DE CALIDAD<\/h2>\t\t\t\t<\/div>\n\t\t\t\t<\/div>\n\t\t\t\t<div class=\"elementor-element elementor-element-8a96a8b elementor-widget elementor-widget-text-editor\" data-id=\"8a96a8b\" data-element_type=\"widget\" data-e-type=\"widget\" data-widget_type=\"text-editor.default\">\n\t\t\t\t<div class=\"elementor-widget-container\">\n\t\t\t\t\t\t\t\t\t<p style=\"text-align: justify;\">La Gerencia de GUANTES INDUSTRIALES MOR\u00c1N, S.L siendo consciente de la influencia que la mejora continua de la calidad tiene en la imagen de la Empresa, en el incremento de su competitividad y la satisfacci\u00f3n de sus clientes, ha decidido actualizar un Sistema de Gesti\u00f3n de la Calidad conforme a la Norma UNE-EN ISO 9001:2015, que se sustenta en la siguiente Pol\u00edtica de Calidad.<\/p><p style=\"text-align: justify;\">La empresa GUANTES INDUSTRIALES MORAN S.L., cuyo alcance es la FABRICACI\u00d3N DE GUANTES DE PIEL Y SERRAJE. FABRICACI\u00d3N DE EQUIPOS DE PROTECCI\u00d3N INDIVIDUAL (EPIS): GUANTES , considera la gesti\u00f3n de la calidad como la estrategia fundamental para el desarrollo de la empresa, garantizando as\u00ed su competitividad. Para ello promueve tales conceptos de forma que abarquen todas las etapas de funcionamiento, e impliquen a todo el personal, a trav\u00e9s de la creaci\u00f3n e implantaci\u00f3n de un sistema de gesti\u00f3n de calidad. Todas las actividades de nuestra empresa se ajustar\u00e1n a lo previsto en el Manual en la medida en que pueda afectarles su contenido, y todo el personal debe asumir las responsabilidades que como consecuencia de ello le correspondan.<\/p><p style=\"text-align: justify;\">GUANTES INDUSTRIALES MORAN S.L., tambi\u00e9n se compromete a verificar y proteger los bienes que son propiedad del cliente, mientras est\u00e9n bajo su control, seg\u00fan establece la Ley Org\u00e1nica 3\/2018, de 5 de diciembre, de Protecci\u00f3n de Datos Personales y garant\u00eda de los derechos digitales.<\/p><p data-start=\"1165\" data-end=\"1451\" data-is-last-node=\"\" data-is-only-node=\"\"><strong><a href=\"https:\/\/guantesmoran.com\/wp-content\/uploads\/2025\/09\/politica-de-calidad-ok.pdf\" target=\"_blank\" rel=\"noopener\">DESCARGUE AQU\u00cd EL DOCUMENTO CON NUESTRA POL\u00cdTICA DE CALIDAD COMPLETA<\/a><\/strong><\/p>\t\t\t\t\t\t\t\t<\/div>\n\t\t\t\t<\/div>\n\t\t\t\t<div class=\"elementor-element elementor-element-e99101f elementor-widget elementor-widget-image\" data-id=\"e99101f\" data-element_type=\"widget\" data-e-type=\"widget\" data-widget_type=\"image.default\">\n\t\t\t\t<div class=\"elementor-widget-container\">\n\t\t\t\t\t\t\t\t\t\t\t\t\t\t\t<img decoding=\"async\" width=\"350\" height=\"114\" src=\"https:\/\/guantesmoran.com\/wp-content\/uploads\/2025\/09\/LOGO-ICDQ-NUEVO-1.png\" class=\"attachment-full size-full wp-image-4784\" alt=\"\" srcset=\"https:\/\/guantesmoran.com\/wp-content\/uploads\/2025\/09\/LOGO-ICDQ-NUEVO-1.png 350w, https:\/\/guantesmoran.com\/wp-content\/uploads\/2025\/09\/LOGO-ICDQ-NUEVO-1-18x6.png 18w\" sizes=\"(max-width: 350px) 100vw, 350px\" \/>\t\t\t\t\t\t\t\t\t\t\t\t\t\t\t<\/div>\n\t\t\t\t<\/div>\n\t\t\t\t\t<\/div>\n\t\t<\/div>\n\t\t\t\t\t<\/div>\n\t\t<\/section>\n\t\t\t\t<\/div>","protected":false},"excerpt":{"rendered":"<p>La Seguridad al alcance de tus manos Guantes Industriales Mor\u00e1n lleva m\u00e1s de 40 a\u00f1os dedicado al desarrollo y fabricaci\u00f3n de guantes industriales de protecci\u00f3n. Nuestras instalaciones en el Pol\u00edgono Industrial Mora Garay de Gij\u00f3n, de m\u00e1s de mil metros cuadrados, albergan oficinas, almacenes y talleres donde desarrollamos un producto de alta calidad y Fabricaci\u00f3n [&hellip;]<\/p>\n","protected":false},"author":1,"featured_media":0,"parent":0,"menu_order":0,"comment_status":"closed","ping_status":"closed","template":"elementor_header_footer","meta":{"footnotes":""},"class_list":["post-4511","page","type-page","status-publish","hentry"],"yoast_head":"<!-- This site is optimized with the Yoast SEO plugin v27.4 - https:\/\/yoast.com\/product\/yoast-seo-wordpress\/ -->\n<title>Empresa - Guantes Moran<\/title>\n<meta name=\"robots\" content=\"index, follow, max-snippet:-1, max-image-preview:large, max-video-preview:-1\" \/>\n<link rel=\"canonical\" href=\"https:\/\/guantesmoran.com\/en\/empresa\/\" \/>\n<meta property=\"og:locale\" content=\"en_US\" \/>\n<meta property=\"og:type\" content=\"article\" \/>\n<meta property=\"og:title\" content=\"Empresa - Guantes Moran\" \/>\n<meta property=\"og:description\" content=\"La Seguridad al alcance de tus manos Guantes Industriales Mor\u00e1n lleva m\u00e1s de 40 a\u00f1os dedicado al desarrollo y fabricaci\u00f3n de guantes industriales de protecci\u00f3n. Nuestras instalaciones en el Pol\u00edgono Industrial Mora Garay de Gij\u00f3n, de m\u00e1s de mil metros cuadrados, albergan oficinas, almacenes y talleres donde desarrollamos un producto de alta calidad y Fabricaci\u00f3n [&hellip;]\" \/>\n<meta property=\"og:url\" content=\"https:\/\/guantesmoran.com\/en\/empresa\/\" \/>\n<meta property=\"og:site_name\" content=\"Guantes Moran\" \/>\n<meta property=\"article:modified_time\" content=\"2025-09-25T09:28:06+00:00\" \/>\n<meta name=\"twitter:card\" content=\"summary_large_image\" \/>\n<meta name=\"twitter:label1\" content=\"Est. reading time\" \/>\n\t<meta name=\"twitter:data1\" content=\"4 minutes\" \/>\n<script type=\"application\/ld+json\" class=\"yoast-schema-graph\">{\"@context\":\"https:\\\/\\\/schema.org\",\"@graph\":[{\"@type\":\"WebPage\",\"@id\":\"https:\\\/\\\/guantesmoran.com\\\/empresa\\\/\",\"url\":\"https:\\\/\\\/guantesmoran.com\\\/empresa\\\/\",\"name\":\"Empresa - Guantes Moran\",\"isPartOf\":{\"@id\":\"https:\\\/\\\/guantesmoran.com\\\/#website\"},\"primaryImageOfPage\":{\"@id\":\"https:\\\/\\\/guantesmoran.com\\\/empresa\\\/#primaryimage\"},\"image\":{\"@id\":\"https:\\\/\\\/guantesmoran.com\\\/empresa\\\/#primaryimage\"},\"thumbnailUrl\":\"https:\\\/\\\/guantesmoran.com\\\/wp-content\\\/uploads\\\/2021\\\/06\\\/Recurso-2.svg\",\"datePublished\":\"2021-07-22T10:17:34+00:00\",\"dateModified\":\"2025-09-25T09:28:06+00:00\",\"breadcrumb\":{\"@id\":\"https:\\\/\\\/guantesmoran.com\\\/empresa\\\/#breadcrumb\"},\"inLanguage\":\"en-US\",\"potentialAction\":[{\"@type\":\"ReadAction\",\"target\":[\"https:\\\/\\\/guantesmoran.com\\\/empresa\\\/\"]}]},{\"@type\":\"ImageObject\",\"inLanguage\":\"en-US\",\"@id\":\"https:\\\/\\\/guantesmoran.com\\\/empresa\\\/#primaryimage\",\"url\":\"https:\\\/\\\/guantesmoran.com\\\/wp-content\\\/uploads\\\/2021\\\/06\\\/Recurso-2.svg\",\"contentUrl\":\"https:\\\/\\\/guantesmoran.com\\\/wp-content\\\/uploads\\\/2021\\\/06\\\/Recurso-2.svg\"},{\"@type\":\"BreadcrumbList\",\"@id\":\"https:\\\/\\\/guantesmoran.com\\\/empresa\\\/#breadcrumb\",\"itemListElement\":[{\"@type\":\"ListItem\",\"position\":1,\"name\":\"Portada\",\"item\":\"https:\\\/\\\/guantesmoran.com\\\/\"},{\"@type\":\"ListItem\",\"position\":2,\"name\":\"Empresa\"}]},{\"@type\":\"WebSite\",\"@id\":\"https:\\\/\\\/guantesmoran.com\\\/#website\",\"url\":\"https:\\\/\\\/guantesmoran.com\\\/\",\"name\":\"Guantes Moran\",\"description\":\"40 a\u00f1os protegiendo tus manos\",\"publisher\":{\"@id\":\"https:\\\/\\\/guantesmoran.com\\\/#organization\"},\"potentialAction\":[{\"@type\":\"SearchAction\",\"target\":{\"@type\":\"EntryPoint\",\"urlTemplate\":\"https:\\\/\\\/guantesmoran.com\\\/?s={search_term_string}\"},\"query-input\":{\"@type\":\"PropertyValueSpecification\",\"valueRequired\":true,\"valueName\":\"search_term_string\"}}],\"inLanguage\":\"en-US\"},{\"@type\":\"Organization\",\"@id\":\"https:\\\/\\\/guantesmoran.com\\\/#organization\",\"name\":\"Guantes Moran\",\"url\":\"https:\\\/\\\/guantesmoran.com\\\/\",\"logo\":{\"@type\":\"ImageObject\",\"inLanguage\":\"en-US\",\"@id\":\"https:\\\/\\\/guantesmoran.com\\\/#\\\/schema\\\/logo\\\/image\\\/\",\"url\":\"https:\\\/\\\/guantesmoran.com\\\/wp-content\\\/uploads\\\/2021\\\/07\\\/foto-contacto.png\",\"contentUrl\":\"https:\\\/\\\/guantesmoran.com\\\/wp-content\\\/uploads\\\/2021\\\/07\\\/foto-contacto.png\",\"width\":1920,\"height\":825,\"caption\":\"Guantes Moran\"},\"image\":{\"@id\":\"https:\\\/\\\/guantesmoran.com\\\/#\\\/schema\\\/logo\\\/image\\\/\"}}]}<\/script>\n<!-- \/ Yoast SEO plugin. -->","yoast_head_json":{"title":"Empresa - Guantes Moran","robots":{"index":"index","follow":"follow","max-snippet":"max-snippet:-1","max-image-preview":"max-image-preview:large","max-video-preview":"max-video-preview:-1"},"canonical":"https:\/\/guantesmoran.com\/en\/empresa\/","og_locale":"en_US","og_type":"article","og_title":"Empresa - Guantes Moran","og_description":"La Seguridad al alcance de tus manos Guantes Industriales Mor\u00e1n lleva m\u00e1s de 40 a\u00f1os dedicado al desarrollo y fabricaci\u00f3n de guantes industriales de protecci\u00f3n. Nuestras instalaciones en el Pol\u00edgono Industrial Mora Garay de Gij\u00f3n, de m\u00e1s de mil metros cuadrados, albergan oficinas, almacenes y talleres donde desarrollamos un producto de alta calidad y Fabricaci\u00f3n [&hellip;]","og_url":"https:\/\/guantesmoran.com\/en\/empresa\/","og_site_name":"Guantes Moran","article_modified_time":"2025-09-25T09:28:06+00:00","twitter_card":"summary_large_image","twitter_misc":{"Est. reading time":"4 minutes"},"schema":{"@context":"https:\/\/schema.org","@graph":[{"@type":"WebPage","@id":"https:\/\/guantesmoran.com\/empresa\/","url":"https:\/\/guantesmoran.com\/empresa\/","name":"Empresa - Guantes Moran","isPartOf":{"@id":"https:\/\/guantesmoran.com\/#website"},"primaryImageOfPage":{"@id":"https:\/\/guantesmoran.com\/empresa\/#primaryimage"},"image":{"@id":"https:\/\/guantesmoran.com\/empresa\/#primaryimage"},"thumbnailUrl":"https:\/\/guantesmoran.com\/wp-content\/uploads\/2021\/06\/Recurso-2.svg","datePublished":"2021-07-22T10:17:34+00:00","dateModified":"2025-09-25T09:28:06+00:00","breadcrumb":{"@id":"https:\/\/guantesmoran.com\/empresa\/#breadcrumb"},"inLanguage":"en-US","potentialAction":[{"@type":"ReadAction","target":["https:\/\/guantesmoran.com\/empresa\/"]}]},{"@type":"ImageObject","inLanguage":"en-US","@id":"https:\/\/guantesmoran.com\/empresa\/#primaryimage","url":"https:\/\/guantesmoran.com\/wp-content\/uploads\/2021\/06\/Recurso-2.svg","contentUrl":"https:\/\/guantesmoran.com\/wp-content\/uploads\/2021\/06\/Recurso-2.svg"},{"@type":"BreadcrumbList","@id":"https:\/\/guantesmoran.com\/empresa\/#breadcrumb","itemListElement":[{"@type":"ListItem","position":1,"name":"Portada","item":"https:\/\/guantesmoran.com\/"},{"@type":"ListItem","position":2,"name":"Empresa"}]},{"@type":"WebSite","@id":"https:\/\/guantesmoran.com\/#website","url":"https:\/\/guantesmoran.com\/","name":"Guantes Moran","description":"40 years protecting your hands","publisher":{"@id":"https:\/\/guantesmoran.com\/#organization"},"potentialAction":[{"@type":"SearchAction","target":{"@type":"EntryPoint","urlTemplate":"https:\/\/guantesmoran.com\/?s={search_term_string}"},"query-input":{"@type":"PropertyValueSpecification","valueRequired":true,"valueName":"search_term_string"}}],"inLanguage":"en-US"},{"@type":"Organization","@id":"https:\/\/guantesmoran.com\/#organization","name":"Guantes Moran","url":"https:\/\/guantesmoran.com\/","logo":{"@type":"ImageObject","inLanguage":"en-US","@id":"https:\/\/guantesmoran.com\/#\/schema\/logo\/image\/","url":"https:\/\/guantesmoran.com\/wp-content\/uploads\/2021\/07\/foto-contacto.png","contentUrl":"https:\/\/guantesmoran.com\/wp-content\/uploads\/2021\/07\/foto-contacto.png","width":1920,"height":825,"caption":"Guantes Moran"},"image":{"@id":"https:\/\/guantesmoran.com\/#\/schema\/logo\/image\/"}}]}},"_links":{"self":[{"href":"https:\/\/guantesmoran.com\/en\/wp-json\/wp\/v2\/pages\/4511","targetHints":{"allow":["GET"]}}],"collection":[{"href":"https:\/\/guantesmoran.com\/en\/wp-json\/wp\/v2\/pages"}],"about":[{"href":"https:\/\/guantesmoran.com\/en\/wp-json\/wp\/v2\/types\/page"}],"author":[{"embeddable":true,"href":"https:\/\/guantesmoran.com\/en\/wp-json\/wp\/v2\/users\/1"}],"replies":[{"embeddable":true,"href":"https:\/\/guantesmoran.com\/en\/wp-json\/wp\/v2\/comments?post=4511"}],"version-history":[{"count":55,"href":"https:\/\/guantesmoran.com\/en\/wp-json\/wp\/v2\/pages\/4511\/revisions"}],"predecessor-version":[{"id":4791,"href":"https:\/\/guantesmoran.com\/en\/wp-json\/wp\/v2\/pages\/4511\/revisions\/4791"}],"wp:attachment":[{"href":"https:\/\/guantesmoran.com\/en\/wp-json\/wp\/v2\/media?parent=4511"}],"curies":[{"name":"wp","href":"https:\/\/api.w.org\/{rel}","templated":true}]}}