{"id":3046,"date":"2019-10-21T07:26:07","date_gmt":"2019-10-21T07:26:07","guid":{"rendered":"https:\/\/elessi.nasatheme.com\/?page_id=3046"},"modified":"2025-09-18T03:28:00","modified_gmt":"2025-09-18T03:28:00","slug":"contacto","status":"publish","type":"page","link":"https:\/\/guantesmoran.com\/en\/contacto\/","title":{"rendered":"Contact"},"content":{"rendered":"<div data-elementor-type=\"wp-page\" data-elementor-id=\"3046\" class=\"elementor elementor-3046\" data-elementor-post-type=\"page\">\n\t\t\t\t\t\t<section class=\"elementor-section elementor-top-section elementor-element elementor-element-c3e2982 elementor-section-boxed elementor-section-height-default elementor-section-height-default\" data-id=\"c3e2982\" data-element_type=\"section\" data-e-type=\"section\">\n\t\t\t\t\t\t<div class=\"elementor-container elementor-column-gap-default\">\n\t\t\t\t\t<div class=\"elementor-column elementor-col-100 elementor-top-column elementor-element elementor-element-741330a\" data-id=\"741330a\" data-element_type=\"column\" data-e-type=\"column\">\n\t\t\t<div class=\"elementor-widget-wrap elementor-element-populated\">\n\t\t\t\t\t\t<div class=\"elementor-element elementor-element-9853097 elementor-widget elementor-widget-google_maps\" data-id=\"9853097\" data-element_type=\"widget\" data-e-type=\"widget\" data-widget_type=\"google_maps.default\">\n\t\t\t\t<div class=\"elementor-widget-container\">\n\t\t\t\t\t\t\t<div class=\"elementor-custom-embed\">\n\t\t\t<iframe loading=\"lazy\"\n\t\t\t\t\tsrc=\"https:\/\/maps.google.com\/maps?q=Guantes%20Industriales%20Mor%C3%A1n%20S.L.%2C%20Pol%C3%ADgono%20Industrial%20Mora%20Garay%2C%20C%2F%20Isaac%20Peral%2C%2025-27%2C%20Gijon-Oeste%2C%2033211%20Gij%C3%B3n%2C%20Asturias%2C%20Asturias%22%20a%20%22Guantes%20Industriales%20Mor%C3%A1n%20S.L.%2C%20Pol%C3%ADgono%20Industrial%20Mora%20Garay%2C%20C%2F%20Isaac%20Peral%2C%2025-27%2C%20Gijon-Oeste%2C%2033211%20Gij%C3%B3n%2C%20Asturias%2C%20Asturias&#038;t=m&#038;z=17&#038;output=embed&#038;iwloc=near\"\n\t\t\t\t\ttitle=\"Guantes Industriales Mor\u00e1n S.L., Pol\u00edgono Industrial Mora Garay, C\/ Isaac Peral, 25-27, Gijon-Oeste, 33211 Gij\u00f3n, Asturias, Asturias&quot; a &quot;Guantes Industriales Mor\u00e1n S.L., Pol\u00edgono Industrial Mora Garay, C\/ Isaac Peral, 25-27, Gijon-Oeste, 33211 Gij\u00f3n, Asturias, Asturias\"\n\t\t\t\t\taria-label=\"Guantes Industriales Mor\u00e1n S.L., Pol\u00edgono Industrial Mora Garay, C\/ Isaac Peral, 25-27, Gijon-Oeste, 33211 Gij\u00f3n, Asturias, Asturias&quot; a &quot;Guantes Industriales Mor\u00e1n S.L., Pol\u00edgono Industrial Mora Garay, C\/ Isaac Peral, 25-27, Gijon-Oeste, 33211 Gij\u00f3n, Asturias, Asturias\"\n\t\t\t><\/iframe>\n\t\t<\/div>\n\t\t\t\t\t\t<\/div>\n\t\t\t\t<\/div>\n\t\t\t\t\t<\/div>\n\t\t<\/div>\n\t\t\t\t\t<\/div>\n\t\t<\/section>\n\t\t\t\t<section class=\"elementor-section elementor-top-section elementor-element elementor-element-c136797 elementor-section-boxed elementor-section-height-default elementor-section-height-default\" data-id=\"c136797\" data-element_type=\"section\" data-e-type=\"section\">\n\t\t\t\t\t\t<div class=\"elementor-container elementor-column-gap-default\">\n\t\t\t\t\t<div class=\"elementor-column elementor-col-100 elementor-top-column elementor-element elementor-element-06cd153\" data-id=\"06cd153\" data-element_type=\"column\" data-e-type=\"column\">\n\t\t\t<div class=\"elementor-widget-wrap elementor-element-populated\">\n\t\t\t\t\t\t<div class=\"elementor-element elementor-element-bbd0a5a elementor-widget elementor-widget-heading\" data-id=\"bbd0a5a\" data-element_type=\"widget\" data-e-type=\"widget\" data-widget_type=\"heading.default\">\n\t\t\t\t<div class=\"elementor-widget-container\">\n\t\t\t\t\t<h2 class=\"elementor-heading-title elementor-size-default\">Nuestras instalaciones<\/h2>\t\t\t\t<\/div>\n\t\t\t\t<\/div>\n\t\t\t\t<div class=\"elementor-element elementor-element-b5cade5 elementor-widget elementor-widget-text-editor\" data-id=\"b5cade5\" data-element_type=\"widget\" data-e-type=\"widget\" data-widget_type=\"text-editor.default\">\n\t\t\t\t<div class=\"elementor-widget-container\">\n\t\t\t\t\t\t\t\t\t<p>Pol\u00edgono Industrial Mora Garay, C\/ Isaac Peral,<br \/>25-27, 33211 Gij\u00f3n, Asturias, Asturias, Spain<\/p><p><strong>Hours of Operation<\/strong><\/p><p>Lunes-Viernes: 08:00 &#8211; 16:30<\/p><p>S\u00e1bado-Domingo: Cerrado<\/p><p><span style=\"font-weight: 900;\">Phones<\/span><\/p><p><a href=\"tel:985323123\" target=\"_blank\" rel=\"noopener\"><i class=\"fa fa-phone\" aria-hidden=\"true\"><\/i> 985 323 123<\/a><\/p><h5 style=\"font-weight: 900;\">Fax<\/h5><p><a href=\"tel:985322429\" target=\"_blank\" rel=\"noopener\"><i class=\"fa fa-fax\" aria-hidden=\"true\"><\/i> 985 322 429<\/a><\/p><h5 style=\"font-weight: 900;\">Email<\/h5><p><a href=\"mailto:info@guantesmoran.com\" target=\"_blank\" rel=\"noopener\"><i class=\"fa fa-envelope\" aria-hidden=\"true\"><\/i> info@guantesmoran.com<\/a><\/p>\t\t\t\t\t\t\t\t<\/div>\n\t\t\t\t<\/div>\n\t\t\t\t\t<\/div>\n\t\t<\/div>\n\t\t\t\t\t<\/div>\n\t\t<\/section>\n\t\t\t\t<section class=\"elementor-section elementor-top-section elementor-element elementor-element-c6dc2f3 elementor-section-boxed elementor-section-height-default elementor-section-height-default\" data-id=\"c6dc2f3\" data-element_type=\"section\" data-e-type=\"section\">\n\t\t\t\t\t\t<div class=\"elementor-container elementor-column-gap-default\">\n\t\t\t\t\t<div class=\"elementor-column elementor-col-100 elementor-top-column elementor-element elementor-element-039283d\" data-id=\"039283d\" data-element_type=\"column\" data-e-type=\"column\">\n\t\t\t<div class=\"elementor-widget-wrap elementor-element-populated\">\n\t\t\t\t\t\t<div class=\"elementor-element elementor-element-d251fd8 elementor-widget elementor-widget-heading\" data-id=\"d251fd8\" data-element_type=\"widget\" data-e-type=\"widget\" data-widget_type=\"heading.default\">\n\t\t\t\t<div class=\"elementor-widget-container\">\n\t\t\t\t\t<h2 class=\"elementor-heading-title elementor-size-default\">Leave us your query<\/h2>\t\t\t\t<\/div>\n\t\t\t\t<\/div>\n\t\t\t\t<div class=\"elementor-element elementor-element-7f42eb2 elementor-widget elementor-widget-html\" data-id=\"7f42eb2\" data-element_type=\"widget\" data-e-type=\"widget\" data-widget_type=\"html.default\">\n\t\t\t\t<div class=\"elementor-widget-container\">\n\t\t\t\t\t\n<div class=\"wpcf7 no-js\" id=\"wpcf7-f4777-o1\" lang=\"es-ES\" dir=\"ltr\" data-wpcf7-id=\"4777\">\n<div class=\"screen-reader-response\"><p role=\"status\" aria-live=\"polite\" aria-atomic=\"true\"><\/p> <ul><\/ul><\/div>\n<form action=\"\/en\/wp-json\/wp\/v2\/pages\/3046#wpcf7-f4777-o1\" method=\"post\" class=\"wpcf7-form init\" aria-label=\"Formulario de contacto\" novalidate=\"novalidate\" data-status=\"init\" data-trp-original-action=\"\/en\/wp-json\/wp\/v2\/pages\/3046#wpcf7-f4777-o1\">\n<fieldset class=\"hidden-fields-container\"><input type=\"hidden\" name=\"_wpcf7\" value=\"4777\" \/><input type=\"hidden\" name=\"_wpcf7_version\" value=\"6.1.5\" \/><input type=\"hidden\" name=\"_wpcf7_locale\" value=\"es_ES\" \/><input type=\"hidden\" name=\"_wpcf7_unit_tag\" value=\"wpcf7-f4777-o1\" \/><input type=\"hidden\" name=\"_wpcf7_container_post\" value=\"0\" \/><input type=\"hidden\" name=\"_wpcf7_posted_data_hash\" value=\"\" \/>\n<\/fieldset>\n<p><label> Tu nombre<br \/>\n<span class=\"wpcf7-form-control-wrap\" data-name=\"your-name\"><input size=\"40\" maxlength=\"400\" class=\"wpcf7-form-control wpcf7-text wpcf7-validates-as-required\" autocomplete=\"name\" aria-required=\"true\" aria-invalid=\"false\" value=\"\" type=\"text\" name=\"your-name\" \/><\/span> <\/label>\n<\/p>\n<p><label> Tu correo electr\u00f3nico<br \/>\n<span class=\"wpcf7-form-control-wrap\" data-name=\"your-email\"><input size=\"40\" maxlength=\"400\" class=\"wpcf7-form-control wpcf7-email wpcf7-validates-as-required wpcf7-text wpcf7-validates-as-email\" autocomplete=\"email\" aria-required=\"true\" aria-invalid=\"false\" value=\"\" type=\"email\" name=\"your-email\" \/><\/span> <\/label>\n<\/p>\n<p><label> Subject<br \/>\n<span class=\"wpcf7-form-control-wrap\" data-name=\"your-subject\"><input size=\"40\" maxlength=\"400\" class=\"wpcf7-form-control wpcf7-text wpcf7-validates-as-required\" aria-required=\"true\" aria-invalid=\"false\" value=\"\" type=\"text\" name=\"your-subject\" \/><\/span> <\/label>\n<\/p>\n<p><label> Tu mensaje<br \/>\n<span class=\"wpcf7-form-control-wrap\" data-name=\"your-message\"><textarea cols=\"40\" rows=\"10\" maxlength=\"2000\" class=\"wpcf7-form-control wpcf7-textarea\" aria-invalid=\"false\" name=\"your-message\"><\/textarea><\/span> <\/label>\n<\/p>\n<p><input class=\"wpcf7-form-control wpcf7-submit has-spinner\" type=\"submit\" value=\"Enviar\" \/>\n<\/p><div class=\"wpcf7-response-output\" aria-hidden=\"true\"><\/div>\n<input type=\"hidden\" name=\"trp-form-language\" value=\"en\"\/><\/form>\n<\/div>\n\t\t\t\t<\/div>\n\t\t\t\t<\/div>\n\t\t\t\t\t<\/div>\n\t\t<\/div>\n\t\t\t\t\t<\/div>\n\t\t<\/section>\n\t\t\t\t<\/div>","protected":false},"excerpt":{"rendered":"<p>Nuestras instalaciones Pol\u00edgono Industrial Mora Garay, C\/ Isaac Peral,25-27, 33211 Gij\u00f3n, Asturias, Asturias, Espa\u00f1a Horario de Atenci\u00f3n Lunes-Viernes: 08:00 &#8211; 16:30 S\u00e1bado-Domingo: Cerrado Tel\u00e9fonos 985 323 123 Fax 985 322 429 Correo info@guantesmoran.com D\u00e9janos tu consulta<\/p>","protected":false},"author":1,"featured_media":0,"parent":0,"menu_order":0,"comment_status":"closed","ping_status":"closed","template":"page-visual-composer.php","meta":{"footnotes":""},"class_list":["post-3046","page","type-page","status-publish","hentry"],"yoast_head":"<!-- This site is optimized with the Yoast SEO plugin v27.4 - https:\/\/yoast.com\/product\/yoast-seo-wordpress\/ -->\n<title>Contacto - Guantes Moran<\/title>\n<meta name=\"robots\" content=\"index, follow, max-snippet:-1, max-image-preview:large, max-video-preview:-1\" \/>\n<link rel=\"canonical\" href=\"https:\/\/guantesmoran.com\/en\/contacto\/\" \/>\n<meta property=\"og:locale\" content=\"en_US\" \/>\n<meta property=\"og:type\" content=\"article\" \/>\n<meta property=\"og:title\" content=\"Contacto - Guantes Moran\" \/>\n<meta property=\"og:description\" content=\"Nuestras instalaciones Pol\u00edgono Industrial Mora Garay, C\/ Isaac Peral,25-27, 33211 Gij\u00f3n, Asturias, Asturias, Espa\u00f1a Horario de Atenci\u00f3n Lunes-Viernes: 08:00 &#8211; 16:30 S\u00e1bado-Domingo: Cerrado Tel\u00e9fonos 985 323 123 Fax 985 322 429 Correo info@guantesmoran.com D\u00e9janos tu consulta\" \/>\n<meta property=\"og:url\" content=\"https:\/\/guantesmoran.com\/en\/contacto\/\" \/>\n<meta property=\"og:site_name\" content=\"Guantes Moran\" \/>\n<meta property=\"article:modified_time\" content=\"2025-09-18T03:28:00+00:00\" \/>\n<meta name=\"twitter:card\" content=\"summary_large_image\" \/>\n<meta name=\"twitter:label1\" content=\"Est. reading time\" \/>\n\t<meta name=\"twitter:data1\" content=\"1 minute\" \/>\n<script type=\"application\/ld+json\" class=\"yoast-schema-graph\">{\"@context\":\"https:\\\/\\\/schema.org\",\"@graph\":[{\"@type\":\"WebPage\",\"@id\":\"https:\\\/\\\/guantesmoran.com\\\/contacto\\\/\",\"url\":\"https:\\\/\\\/guantesmoran.com\\\/contacto\\\/\",\"name\":\"Contacto - Guantes Moran\",\"isPartOf\":{\"@id\":\"https:\\\/\\\/guantesmoran.com\\\/#website\"},\"datePublished\":\"2019-10-21T07:26:07+00:00\",\"dateModified\":\"2025-09-18T03:28:00+00:00\",\"breadcrumb\":{\"@id\":\"https:\\\/\\\/guantesmoran.com\\\/contacto\\\/#breadcrumb\"},\"inLanguage\":\"en-US\",\"potentialAction\":[{\"@type\":\"ReadAction\",\"target\":[\"https:\\\/\\\/guantesmoran.com\\\/contacto\\\/\"]}]},{\"@type\":\"BreadcrumbList\",\"@id\":\"https:\\\/\\\/guantesmoran.com\\\/contacto\\\/#breadcrumb\",\"itemListElement\":[{\"@type\":\"ListItem\",\"position\":1,\"name\":\"Portada\",\"item\":\"https:\\\/\\\/guantesmoran.com\\\/\"},{\"@type\":\"ListItem\",\"position\":2,\"name\":\"Contacto\"}]},{\"@type\":\"WebSite\",\"@id\":\"https:\\\/\\\/guantesmoran.com\\\/#website\",\"url\":\"https:\\\/\\\/guantesmoran.com\\\/\",\"name\":\"Guantes Moran\",\"description\":\"40 a\u00f1os protegiendo tus manos\",\"publisher\":{\"@id\":\"https:\\\/\\\/guantesmoran.com\\\/#organization\"},\"potentialAction\":[{\"@type\":\"SearchAction\",\"target\":{\"@type\":\"EntryPoint\",\"urlTemplate\":\"https:\\\/\\\/guantesmoran.com\\\/?s={search_term_string}\"},\"query-input\":{\"@type\":\"PropertyValueSpecification\",\"valueRequired\":true,\"valueName\":\"search_term_string\"}}],\"inLanguage\":\"en-US\"},{\"@type\":\"Organization\",\"@id\":\"https:\\\/\\\/guantesmoran.com\\\/#organization\",\"name\":\"Guantes Moran\",\"url\":\"https:\\\/\\\/guantesmoran.com\\\/\",\"logo\":{\"@type\":\"ImageObject\",\"inLanguage\":\"en-US\",\"@id\":\"https:\\\/\\\/guantesmoran.com\\\/#\\\/schema\\\/logo\\\/image\\\/\",\"url\":\"https:\\\/\\\/guantesmoran.com\\\/wp-content\\\/uploads\\\/2021\\\/07\\\/foto-contacto.png\",\"contentUrl\":\"https:\\\/\\\/guantesmoran.com\\\/wp-content\\\/uploads\\\/2021\\\/07\\\/foto-contacto.png\",\"width\":1920,\"height\":825,\"caption\":\"Guantes Moran\"},\"image\":{\"@id\":\"https:\\\/\\\/guantesmoran.com\\\/#\\\/schema\\\/logo\\\/image\\\/\"}}]}<\/script>\n<!-- \/ Yoast SEO plugin. -->","yoast_head_json":{"title":"Contacto - Guantes Moran","robots":{"index":"index","follow":"follow","max-snippet":"max-snippet:-1","max-image-preview":"max-image-preview:large","max-video-preview":"max-video-preview:-1"},"canonical":"https:\/\/guantesmoran.com\/en\/contacto\/","og_locale":"en_US","og_type":"article","og_title":"Contacto - Guantes Moran","og_description":"Nuestras instalaciones Pol\u00edgono Industrial Mora Garay, C\/ Isaac Peral,25-27, 33211 Gij\u00f3n, Asturias, Asturias, Espa\u00f1a Horario de Atenci\u00f3n Lunes-Viernes: 08:00 &#8211; 16:30 S\u00e1bado-Domingo: Cerrado Tel\u00e9fonos 985 323 123 Fax 985 322 429 Correo info@guantesmoran.com D\u00e9janos tu consulta","og_url":"https:\/\/guantesmoran.com\/en\/contacto\/","og_site_name":"Guantes Moran","article_modified_time":"2025-09-18T03:28:00+00:00","twitter_card":"summary_large_image","twitter_misc":{"Est. reading time":"1 minute"},"schema":{"@context":"https:\/\/schema.org","@graph":[{"@type":"WebPage","@id":"https:\/\/guantesmoran.com\/contacto\/","url":"https:\/\/guantesmoran.com\/contacto\/","name":"Contacto - Guantes Moran","isPartOf":{"@id":"https:\/\/guantesmoran.com\/#website"},"datePublished":"2019-10-21T07:26:07+00:00","dateModified":"2025-09-18T03:28:00+00:00","breadcrumb":{"@id":"https:\/\/guantesmoran.com\/contacto\/#breadcrumb"},"inLanguage":"en-US","potentialAction":[{"@type":"ReadAction","target":["https:\/\/guantesmoran.com\/contacto\/"]}]},{"@type":"BreadcrumbList","@id":"https:\/\/guantesmoran.com\/contacto\/#breadcrumb","itemListElement":[{"@type":"ListItem","position":1,"name":"Portada","item":"https:\/\/guantesmoran.com\/"},{"@type":"ListItem","position":2,"name":"Contacto"}]},{"@type":"WebSite","@id":"https:\/\/guantesmoran.com\/#website","url":"https:\/\/guantesmoran.com\/","name":"Guantes Moran","description":"40 years protecting your hands","publisher":{"@id":"https:\/\/guantesmoran.com\/#organization"},"potentialAction":[{"@type":"SearchAction","target":{"@type":"EntryPoint","urlTemplate":"https:\/\/guantesmoran.com\/?s={search_term_string}"},"query-input":{"@type":"PropertyValueSpecification","valueRequired":true,"valueName":"search_term_string"}}],"inLanguage":"en-US"},{"@type":"Organization","@id":"https:\/\/guantesmoran.com\/#organization","name":"Guantes Moran","url":"https:\/\/guantesmoran.com\/","logo":{"@type":"ImageObject","inLanguage":"en-US","@id":"https:\/\/guantesmoran.com\/#\/schema\/logo\/image\/","url":"https:\/\/guantesmoran.com\/wp-content\/uploads\/2021\/07\/foto-contacto.png","contentUrl":"https:\/\/guantesmoran.com\/wp-content\/uploads\/2021\/07\/foto-contacto.png","width":1920,"height":825,"caption":"Guantes Moran"},"image":{"@id":"https:\/\/guantesmoran.com\/#\/schema\/logo\/image\/"}}]}},"_links":{"self":[{"href":"https:\/\/guantesmoran.com\/en\/wp-json\/wp\/v2\/pages\/3046","targetHints":{"allow":["GET"]}}],"collection":[{"href":"https:\/\/guantesmoran.com\/en\/wp-json\/wp\/v2\/pages"}],"about":[{"href":"https:\/\/guantesmoran.com\/en\/wp-json\/wp\/v2\/types\/page"}],"author":[{"embeddable":true,"href":"https:\/\/guantesmoran.com\/en\/wp-json\/wp\/v2\/users\/1"}],"replies":[{"embeddable":true,"href":"https:\/\/guantesmoran.com\/en\/wp-json\/wp\/v2\/comments?post=3046"}],"version-history":[{"count":11,"href":"https:\/\/guantesmoran.com\/en\/wp-json\/wp\/v2\/pages\/3046\/revisions"}],"predecessor-version":[{"id":4780,"href":"https:\/\/guantesmoran.com\/en\/wp-json\/wp\/v2\/pages\/3046\/revisions\/4780"}],"wp:attachment":[{"href":"https:\/\/guantesmoran.com\/en\/wp-json\/wp\/v2\/media?parent=3046"}],"curies":[{"name":"wp","href":"https:\/\/api.w.org\/{rel}","templated":true}]}}